{"id":134881,"date":"2022-10-04T11:48:27","date_gmt":"2022-10-04T09:48:27","guid":{"rendered":"https:\/\/www.prescan.at\/despre-prescan\/informatii-tehnice\/"},"modified":"2024-04-24T15:22:26","modified_gmt":"2024-04-24T13:22:26","slug":"informatii-tehnice","status":"publish","type":"page","link":"https:\/\/www.prescan.at\/ro\/despre-prescan\/informatii-tehnice\/","title":{"rendered":"Informa\u021bii juridice"},"content":{"rendered":"\t\t<div data-elementor-type=\"wp-page\" data-elementor-id=\"134881\" class=\"elementor elementor-134881 elementor-158\" data-elementor-settings=\"{&quot;ha_cmc_init_switcher&quot;:&quot;no&quot;}\" data-elementor-post-type=\"page\">\n\t\t\t\t\t\t<section class=\"elementor-section elementor-top-section elementor-element elementor-element-f6681f0 elementor-section-height-min-height elementor-section-boxed elementor-section-height-default elementor-section-items-middle\" data-id=\"f6681f0\" data-element_type=\"section\" data-e-type=\"section\" data-settings=\"{&quot;background_background&quot;:&quot;classic&quot;,&quot;_ha_eqh_enable&quot;:false}\">\n\t\t\t\t\t\t\t<div class=\"elementor-background-overlay\"><\/div>\n\t\t\t\t\t\t\t<div class=\"elementor-container elementor-column-gap-default\">\n\t\t\t\t\t<div class=\"elementor-column elementor-col-100 elementor-top-column elementor-element elementor-element-3df8e0bd\" data-id=\"3df8e0bd\" data-element_type=\"column\" data-e-type=\"column\">\n\t\t\t<div class=\"elementor-widget-wrap elementor-element-populated\">\n\t\t\t\t\t\t<div class=\"elementor-element elementor-element-7d8d6f4f elementor-widget__width-auto elementor-widget-divider--view-line elementor-widget elementor-widget-divider\" data-id=\"7d8d6f4f\" data-element_type=\"widget\" data-e-type=\"widget\" data-widget_type=\"divider.default\">\n\t\t\t\t<div class=\"elementor-widget-container\">\n\t\t\t\t\t\t\t<div class=\"elementor-divider\">\n\t\t\t<span class=\"elementor-divider-separator\">\n\t\t\t\t\t\t<\/span>\n\t\t<\/div>\n\t\t\t\t\t\t<\/div>\n\t\t\t\t<\/div>\n\t\t\t\t<div class=\"elementor-element elementor-element-79d6ffa2 elementor-widget__width-auto elementor-widget elementor-widget-heading\" data-id=\"79d6ffa2\" data-element_type=\"widget\" data-e-type=\"widget\" data-widget_type=\"heading.default\">\n\t\t\t\t<div class=\"elementor-widget-container\">\n\t\t\t\t\t<h4 class=\"elementor-heading-title elementor-size-default\">Juridic<\/h4>\t\t\t\t<\/div>\n\t\t\t\t<\/div>\n\t\t\t\t<div class=\"elementor-element elementor-element-1553b62f elementor-widget elementor-widget-theme-post-title elementor-page-title elementor-widget-heading\" data-id=\"1553b62f\" data-element_type=\"widget\" data-e-type=\"widget\" data-widget_type=\"theme-post-title.default\">\n\t\t\t\t<div class=\"elementor-widget-container\">\n\t\t\t\t\t<h1 class=\"elementor-heading-title elementor-size-default\">Informa\u021bii juridice<\/h1>\t\t\t\t<\/div>\n\t\t\t\t<\/div>\n\t\t\t\t\t<\/div>\n\t\t<\/div>\n\t\t\t\t\t<\/div>\n\t\t<\/section>\n\t\t\t\t<section class=\"elementor-section elementor-top-section elementor-element elementor-element-5ee6e44e elementor-section-boxed elementor-section-height-default elementor-section-height-default\" data-id=\"5ee6e44e\" data-element_type=\"section\" data-e-type=\"section\" data-settings=\"{&quot;_ha_eqh_enable&quot;:false}\">\n\t\t\t\t\t\t<div class=\"elementor-container elementor-column-gap-default\">\n\t\t\t\t\t<div class=\"elementor-column elementor-col-100 elementor-top-column elementor-element elementor-element-4f47112\" data-id=\"4f47112\" data-element_type=\"column\" data-e-type=\"column\">\n\t\t\t<div class=\"elementor-widget-wrap elementor-element-populated\">\n\t\t\t\t\t\t<div class=\"elementor-element elementor-element-4a14eb07 elementor-widget elementor-widget-heading\" data-id=\"4a14eb07\" data-element_type=\"widget\" data-e-type=\"widget\" data-widget_type=\"heading.default\">\n\t\t\t\t<div class=\"elementor-widget-container\">\n\t\t\t\t\t<h2 class=\"elementor-heading-title elementor-size-default\">Informa\u021bii juridice Prescan GmbH<\/h2>\t\t\t\t<\/div>\n\t\t\t\t<\/div>\n\t\t\t\t<div class=\"elementor-element elementor-element-5f192790 elementor-widget elementor-widget-text-editor\" data-id=\"5f192790\" data-element_type=\"widget\" data-e-type=\"widget\" data-widget_type=\"text-editor.default\">\n\t\t\t\t<div class=\"elementor-widget-container\">\n\t\t\t\t\t\t\t\t\t<p>Obliga\u021bia de informare conform art. 5, alin. 1 din Legea Comer\u021bului Electronic<\/p>\n<div class=\"csc-textpic-text\">\n<p class=\"bodytext\">Nume companie: Prescan\u00ae GmbH<br \/>\nDirector general: Georg Haury<br \/>\nAdres\u0103: Krotenthallergasse 5\/3, 1080 Viena, Austria<\/p>\n<p class=\"bodytext\">CUI: 265464p<br \/>\nTribunalul de Registru a Comer\u021bului: Tribunalul Comercial Viena<br \/>\nCIF: ATU61949725<\/p>\n<p class=\"bodytext\">Telefon: +43(0)1 890 6693 0<br \/>\nE-mail: <a class=\"mail\">info@prescan.at<\/a><br \/>\nPagin\u0103 web: <a class=\"external-link-new-window\" href=\"http:\/\/dev.prescan.at\/\" target=\"_blank\" rel=\"noopener\">www.prescan.at<\/a><\/p>\n<\/div>\n\t\t\t\t\t\t\t\t<\/div>\n\t\t\t\t<\/div>\n\t\t\t\t\t<\/div>\n\t\t<\/div>\n\t\t\t\t\t<\/div>\n\t\t<\/section>\n\t\t\t\t<section class=\"elementor-section elementor-top-section elementor-element elementor-element-6184e31e elementor-section-boxed elementor-section-height-default elementor-section-height-default\" data-id=\"6184e31e\" data-element_type=\"section\" data-e-type=\"section\" data-settings=\"{&quot;_ha_eqh_enable&quot;:false}\">\n\t\t\t\t\t\t<div class=\"elementor-container elementor-column-gap-default\">\n\t\t\t\t\t<div class=\"elementor-column elementor-col-100 elementor-top-column elementor-element elementor-element-7b57a17d\" data-id=\"7b57a17d\" data-element_type=\"column\" data-e-type=\"column\">\n\t\t\t<div class=\"elementor-widget-wrap elementor-element-populated\">\n\t\t\t\t\t\t<div class=\"elementor-element elementor-element-481a4227 elementor-widget elementor-widget-heading\" data-id=\"481a4227\" data-element_type=\"widget\" data-e-type=\"widget\" data-widget_type=\"heading.default\">\n\t\t\t\t<div class=\"elementor-widget-container\">\n\t\t\t\t\t<h2 class=\"elementor-heading-title elementor-size-default\">V\u0103 ajut\u0103m cu pl\u0103cere!<\/h2>\t\t\t\t<\/div>\n\t\t\t\t<\/div>\n\t\t\t\t<section class=\"elementor-section elementor-inner-section elementor-element elementor-element-537a13af elementor-section-boxed elementor-section-height-default elementor-section-height-default\" data-id=\"537a13af\" data-element_type=\"section\" data-e-type=\"section\" data-settings=\"{&quot;_ha_eqh_enable&quot;:false}\">\n\t\t\t\t\t\t<div class=\"elementor-container elementor-column-gap-default\">\n\t\t\t\t\t<div class=\"elementor-column elementor-col-50 elementor-inner-column elementor-element elementor-element-3e9d3ba6\" data-id=\"3e9d3ba6\" data-element_type=\"column\" data-e-type=\"column\">\n\t\t\t<div class=\"elementor-widget-wrap elementor-element-populated\">\n\t\t\t\t\t\t<div class=\"elementor-element elementor-element-59dfbd1 elementor-position-inline-start elementor-view-default elementor-mobile-position-block-start elementor-widget elementor-widget-icon-box\" data-id=\"59dfbd1\" data-element_type=\"widget\" data-e-type=\"widget\" data-widget_type=\"icon-box.default\">\n\t\t\t\t<div class=\"elementor-widget-container\">\n\t\t\t\t\t\t\t<div class=\"elementor-icon-box-wrapper\">\n\n\t\t\t\t\t\t<div class=\"elementor-icon-box-icon\">\n\t\t\t\t<a href=\"mailto:info@prescan.at\" class=\"elementor-icon\" tabindex=\"-1\" aria-label=\"Scrie\u021bi-ne un e-mail\">\n\t\t\t\t<i aria-hidden=\"true\" class=\"far fa-envelope\"><\/i>\t\t\t\t<\/a>\n\t\t\t<\/div>\n\t\t\t\n\t\t\t\t\t\t<div class=\"elementor-icon-box-content\">\n\n\t\t\t\t\t\t\t\t\t<h3 class=\"elementor-icon-box-title\">\n\t\t\t\t\t\t<a href=\"mailto:info@prescan.at\" >\n\t\t\t\t\t\t\tScrie\u021bi-ne un e-mail\t\t\t\t\t\t<\/a>\n\t\t\t\t\t<\/h3>\n\t\t\t\t\n\t\t\t\t\t\t\t\t\t<p class=\"elementor-icon-box-description\">\n\t\t\t\t\t\tR\u0103spundem \u00een decursul unei zile lucr\u0103toare\t\t\t\t\t<\/p>\n\t\t\t\t\n\t\t\t<\/div>\n\t\t\t\n\t\t<\/div>\n\t\t\t\t\t\t<\/div>\n\t\t\t\t<\/div>\n\t\t\t\t\t<\/div>\n\t\t<\/div>\n\t\t\t\t<div class=\"elementor-column elementor-col-50 elementor-inner-column elementor-element elementor-element-17e03451\" data-id=\"17e03451\" data-element_type=\"column\" data-e-type=\"column\">\n\t\t\t<div class=\"elementor-widget-wrap elementor-element-populated\">\n\t\t\t\t\t\t<div class=\"elementor-element elementor-element-4adea41d elementor-position-inline-start elementor-view-default elementor-mobile-position-block-start elementor-widget elementor-widget-icon-box\" data-id=\"4adea41d\" data-element_type=\"widget\" data-e-type=\"widget\" data-widget_type=\"icon-box.default\">\n\t\t\t\t<div class=\"elementor-widget-container\">\n\t\t\t\t\t\t\t<div class=\"elementor-icon-box-wrapper\">\n\n\t\t\t\t\t\t<div class=\"elementor-icon-box-icon\">\n\t\t\t\t<a href=\"tel:+43189066930\" class=\"elementor-icon\" tabindex=\"-1\" aria-label=\"Suna\u021bi acum\">\n\t\t\t\t<i aria-hidden=\"true\" class=\"fas fa-mobile-alt\"><\/i>\t\t\t\t<\/a>\n\t\t\t<\/div>\n\t\t\t\n\t\t\t\t\t\t<div class=\"elementor-icon-box-content\">\n\n\t\t\t\t\t\t\t\t\t<h3 class=\"elementor-icon-box-title\">\n\t\t\t\t\t\t<a href=\"tel:+43189066930\" >\n\t\t\t\t\t\t\tSuna\u021bi acum\t\t\t\t\t\t<\/a>\n\t\t\t\t\t<\/h3>\n\t\t\t\t\n\t\t\t\t\t\t\t\t\t<p class=\"elementor-icon-box-description\">\n\t\t\t\t\t\tLuni-Joi: 08:00-16:30<br>\r\nVineri: 08:00-15:00\t\t\t\t\t<\/p>\n\t\t\t\t\n\t\t\t<\/div>\n\t\t\t\n\t\t<\/div>\n\t\t\t\t\t\t<\/div>\n\t\t\t\t<\/div>\n\t\t\t\t\t<\/div>\n\t\t<\/div>\n\t\t\t\t\t<\/div>\n\t\t<\/section>\n\t\t\t\t\t<\/div>\n\t\t<\/div>\n\t\t\t\t\t<\/div>\n\t\t<\/section>\n\t\t\t\t<\/div>\n\t\t","protected":false},"excerpt":{"rendered":"<p>Juridic Informa\u021bii juridice Prescan GmbH Obliga\u021bia de informare conform art. 5, alin. 1 din Legea Comer\u021bului Electronic Nume companie: Prescan\u00ae GmbH Director general: Georg Haury Adres\u0103: Krotenthallergasse 5\/3, 1080 Viena, Austria CUI: 265464p Tribunalul de Registru a Comer\u021bului: Tribunalul Comercial Viena CIF: ATU61949725 Telefon: +43(0)1 890 6693 0 E-mail: info@prescan.at Pagin\u0103 web: www.prescan.at V\u0103 ajut\u0103m [&hellip;]<\/p>\n","protected":false},"author":1,"featured_media":132690,"parent":134788,"menu_order":124,"comment_status":"closed","ping_status":"closed","template":"","meta":{"_acf_changed":false,"inline_featured_image":false,"site-sidebar-layout":"no-sidebar","site-content-layout":"page-builder","ast-site-content-layout":"default","site-content-style":"default","site-sidebar-style":"default","ast-global-header-display":"","ast-banner-title-visibility":"","ast-main-header-display":"","ast-hfb-above-header-display":"","ast-hfb-below-header-display":"","ast-hfb-mobile-header-display":"","site-post-title":"disabled","ast-breadcrumbs-content":"","ast-featured-img":"disabled","footer-sml-layout":"","ast-disable-related-posts":"","theme-transparent-header-meta":"default","adv-header-id-meta":"","stick-header-meta":"default","header-above-stick-meta":"","header-main-stick-meta":"","header-below-stick-meta":"","astra-migrate-meta-layouts":"default","ast-page-background-enabled":"default","ast-page-background-meta":{"desktop":{"background-color":"","background-image":"","background-repeat":"repeat","background-position":"center center","background-size":"auto","background-attachment":"scroll","background-type":"","background-media":"","overlay-type":"","overlay-color":"","overlay-opacity":"","overlay-gradient":""},"tablet":{"background-color":"","background-image":"","background-repeat":"repeat","background-position":"center center","background-size":"auto","background-attachment":"scroll","background-type":"","background-media":"","overlay-type":"","overlay-color":"","overlay-opacity":"","overlay-gradient":""},"mobile":{"background-color":"","background-image":"","background-repeat":"repeat","background-position":"center center","background-size":"auto","background-attachment":"scroll","background-type":"","background-media":"","overlay-type":"","overlay-color":"","overlay-opacity":"","overlay-gradient":""}},"ast-content-background-meta":{"desktop":{"background-color":"var(--ast-global-color-5)","background-image":"","background-repeat":"repeat","background-position":"center center","background-size":"auto","background-attachment":"scroll","background-type":"","background-media":"","overlay-type":"","overlay-color":"","overlay-opacity":"","overlay-gradient":""},"tablet":{"background-color":"var(--ast-global-color-5)","background-image":"","background-repeat":"repeat","background-position":"center center","background-size":"auto","background-attachment":"scroll","background-type":"","background-media":"","overlay-type":"","overlay-color":"","overlay-opacity":"","overlay-gradient":""},"mobile":{"background-color":"var(--ast-global-color-5)","background-image":"","background-repeat":"repeat","background-position":"center center","background-size":"auto","background-attachment":"scroll","background-type":"","background-media":"","overlay-type":"","overlay-color":"","overlay-opacity":"","overlay-gradient":""}},"footnotes":""},"class_list":["post-134881","page","type-page","status-publish","has-post-thumbnail","hentry"],"acf":[],"yoast_head":"<!-- This site is optimized with the Yoast SEO plugin v27.5 - https:\/\/yoast.com\/product\/yoast-seo-wordpress\/ -->\n<title>Informa\u021bii juridice - Prescan\u00ae \u00d6sterreichs Premium-Vorsorge<\/title>\n<meta name=\"description\" content=\"Informa\u021bii juridice Prescan GmbH\" \/>\n<meta name=\"robots\" content=\"index, follow, max-snippet:-1, max-image-preview:large, max-video-preview:-1\" \/>\n<link rel=\"canonical\" href=\"https:\/\/www.prescan.at\/ro\/despre-prescan\/informatii-tehnice\/\" \/>\n<meta property=\"og:locale\" content=\"ro_RO\" \/>\n<meta property=\"og:type\" content=\"article\" \/>\n<meta property=\"og:title\" content=\"Informa\u021bii juridice - Prescan\u00ae \u00d6sterreichs Premium-Vorsorge\" \/>\n<meta property=\"og:description\" content=\"Informa\u021bii juridice Prescan GmbH\" \/>\n<meta property=\"og:url\" content=\"https:\/\/www.prescan.at\/ro\/despre-prescan\/informatii-tehnice\/\" \/>\n<meta property=\"og:site_name\" content=\"Prescan\u00ae \u00d6sterreichs Premium-Vorsorge\" \/>\n<meta property=\"article:modified_time\" content=\"2024-04-24T13:22:26+00:00\" \/>\n<meta property=\"og:image\" content=\"https:\/\/www.prescan.at\/wp-content\/uploads\/2021\/10\/prescan-impressum.jpg\" \/>\n\t<meta property=\"og:image:width\" content=\"1680\" \/>\n\t<meta property=\"og:image:height\" content=\"600\" \/>\n\t<meta property=\"og:image:type\" content=\"image\/jpeg\" \/>\n<meta name=\"twitter:card\" content=\"summary_large_image\" \/>\n<script type=\"application\/ld+json\" class=\"yoast-schema-graph\">{\"@context\":\"https:\\\/\\\/schema.org\",\"@graph\":[{\"@type\":\"WebPage\",\"@id\":\"https:\\\/\\\/www.prescan.at\\\/ro\\\/despre-prescan\\\/informatii-tehnice\\\/\",\"url\":\"https:\\\/\\\/www.prescan.at\\\/ro\\\/despre-prescan\\\/informatii-tehnice\\\/\",\"name\":\"Informa\u021bii juridice - Prescan\u00ae \u00d6sterreichs Premium-Vorsorge\",\"isPartOf\":{\"@id\":\"https:\\\/\\\/dev.prescan.at\\\/#website\"},\"primaryImageOfPage\":{\"@id\":\"https:\\\/\\\/www.prescan.at\\\/ro\\\/despre-prescan\\\/informatii-tehnice\\\/#primaryimage\"},\"image\":{\"@id\":\"https:\\\/\\\/www.prescan.at\\\/ro\\\/despre-prescan\\\/informatii-tehnice\\\/#primaryimage\"},\"thumbnailUrl\":\"https:\\\/\\\/www.prescan.at\\\/wp-content\\\/uploads\\\/2021\\\/10\\\/prescan-impressum.jpg\",\"datePublished\":\"2022-10-04T09:48:27+00:00\",\"dateModified\":\"2024-04-24T13:22:26+00:00\",\"description\":\"Informa\u021bii juridice Prescan GmbH\",\"breadcrumb\":{\"@id\":\"https:\\\/\\\/www.prescan.at\\\/ro\\\/despre-prescan\\\/informatii-tehnice\\\/#breadcrumb\"},\"inLanguage\":\"ro-RO\",\"potentialAction\":[{\"@type\":\"ReadAction\",\"target\":[\"https:\\\/\\\/www.prescan.at\\\/ro\\\/despre-prescan\\\/informatii-tehnice\\\/\"]}]},{\"@type\":\"ImageObject\",\"inLanguage\":\"ro-RO\",\"@id\":\"https:\\\/\\\/www.prescan.at\\\/ro\\\/despre-prescan\\\/informatii-tehnice\\\/#primaryimage\",\"url\":\"https:\\\/\\\/www.prescan.at\\\/wp-content\\\/uploads\\\/2021\\\/10\\\/prescan-impressum.jpg\",\"contentUrl\":\"https:\\\/\\\/www.prescan.at\\\/wp-content\\\/uploads\\\/2021\\\/10\\\/prescan-impressum.jpg\",\"width\":1680,\"height\":600},{\"@type\":\"BreadcrumbList\",\"@id\":\"https:\\\/\\\/www.prescan.at\\\/ro\\\/despre-prescan\\\/informatii-tehnice\\\/#breadcrumb\",\"itemListElement\":[{\"@type\":\"ListItem\",\"position\":1,\"name\":\"Startseite\",\"item\":\"https:\\\/\\\/www.prescan.at\\\/ro\\\/pagina-de-pornire-prescan\\\/\"},{\"@type\":\"ListItem\",\"position\":2,\"name\":\"Despre Prescan\",\"item\":\"https:\\\/\\\/www.prescan.at\\\/ro\\\/ueber-prescan\\\/\"},{\"@type\":\"ListItem\",\"position\":3,\"name\":\"Informa\u021bii juridice\"}]},{\"@type\":\"WebSite\",\"@id\":\"https:\\\/\\\/dev.prescan.at\\\/#website\",\"url\":\"https:\\\/\\\/dev.prescan.at\\\/\",\"name\":\"Prescan\u00ae \u00d6sterreichs Premium-Vorsorge\",\"description\":\"Medizinische Vorsorgeuntersuchungen ohne Wartezeiten - Prescan GmbH\",\"publisher\":{\"@id\":\"https:\\\/\\\/dev.prescan.at\\\/#organization\"},\"potentialAction\":[{\"@type\":\"SearchAction\",\"target\":{\"@type\":\"EntryPoint\",\"urlTemplate\":\"https:\\\/\\\/dev.prescan.at\\\/?s={search_term_string}\"},\"query-input\":{\"@type\":\"PropertyValueSpecification\",\"valueRequired\":true,\"valueName\":\"search_term_string\"}}],\"inLanguage\":\"ro-RO\"},{\"@type\":\"Organization\",\"@id\":\"https:\\\/\\\/dev.prescan.at\\\/#organization\",\"name\":\"Prescan\u00ae GmbH\",\"url\":\"https:\\\/\\\/dev.prescan.at\\\/\",\"logo\":{\"@type\":\"ImageObject\",\"inLanguage\":\"ro-RO\",\"@id\":\"https:\\\/\\\/dev.prescan.at\\\/#\\\/schema\\\/logo\\\/image\\\/\",\"url\":\"https:\\\/\\\/www.prescan.at\\\/wp-content\\\/uploads\\\/2021\\\/06\\\/Prescan-Logo.svg\",\"contentUrl\":\"https:\\\/\\\/www.prescan.at\\\/wp-content\\\/uploads\\\/2021\\\/06\\\/Prescan-Logo.svg\",\"width\":938,\"height\":206,\"caption\":\"Prescan\u00ae GmbH\"},\"image\":{\"@id\":\"https:\\\/\\\/dev.prescan.at\\\/#\\\/schema\\\/logo\\\/image\\\/\"}}]}<\/script>\n<!-- \/ Yoast SEO plugin. -->","yoast_head_json":{"title":"Informa\u021bii juridice - Prescan\u00ae \u00d6sterreichs Premium-Vorsorge","description":"Informa\u021bii juridice Prescan GmbH","robots":{"index":"index","follow":"follow","max-snippet":"max-snippet:-1","max-image-preview":"max-image-preview:large","max-video-preview":"max-video-preview:-1"},"canonical":"https:\/\/www.prescan.at\/ro\/despre-prescan\/informatii-tehnice\/","og_locale":"ro_RO","og_type":"article","og_title":"Informa\u021bii juridice - Prescan\u00ae \u00d6sterreichs Premium-Vorsorge","og_description":"Informa\u021bii juridice Prescan GmbH","og_url":"https:\/\/www.prescan.at\/ro\/despre-prescan\/informatii-tehnice\/","og_site_name":"Prescan\u00ae \u00d6sterreichs Premium-Vorsorge","article_modified_time":"2024-04-24T13:22:26+00:00","og_image":[{"width":1680,"height":600,"url":"https:\/\/www.prescan.at\/wp-content\/uploads\/2021\/10\/prescan-impressum.jpg","type":"image\/jpeg"}],"twitter_card":"summary_large_image","schema":{"@context":"https:\/\/schema.org","@graph":[{"@type":"WebPage","@id":"https:\/\/www.prescan.at\/ro\/despre-prescan\/informatii-tehnice\/","url":"https:\/\/www.prescan.at\/ro\/despre-prescan\/informatii-tehnice\/","name":"Informa\u021bii juridice - Prescan\u00ae \u00d6sterreichs Premium-Vorsorge","isPartOf":{"@id":"https:\/\/dev.prescan.at\/#website"},"primaryImageOfPage":{"@id":"https:\/\/www.prescan.at\/ro\/despre-prescan\/informatii-tehnice\/#primaryimage"},"image":{"@id":"https:\/\/www.prescan.at\/ro\/despre-prescan\/informatii-tehnice\/#primaryimage"},"thumbnailUrl":"https:\/\/www.prescan.at\/wp-content\/uploads\/2021\/10\/prescan-impressum.jpg","datePublished":"2022-10-04T09:48:27+00:00","dateModified":"2024-04-24T13:22:26+00:00","description":"Informa\u021bii juridice Prescan GmbH","breadcrumb":{"@id":"https:\/\/www.prescan.at\/ro\/despre-prescan\/informatii-tehnice\/#breadcrumb"},"inLanguage":"ro-RO","potentialAction":[{"@type":"ReadAction","target":["https:\/\/www.prescan.at\/ro\/despre-prescan\/informatii-tehnice\/"]}]},{"@type":"ImageObject","inLanguage":"ro-RO","@id":"https:\/\/www.prescan.at\/ro\/despre-prescan\/informatii-tehnice\/#primaryimage","url":"https:\/\/www.prescan.at\/wp-content\/uploads\/2021\/10\/prescan-impressum.jpg","contentUrl":"https:\/\/www.prescan.at\/wp-content\/uploads\/2021\/10\/prescan-impressum.jpg","width":1680,"height":600},{"@type":"BreadcrumbList","@id":"https:\/\/www.prescan.at\/ro\/despre-prescan\/informatii-tehnice\/#breadcrumb","itemListElement":[{"@type":"ListItem","position":1,"name":"Startseite","item":"https:\/\/www.prescan.at\/ro\/pagina-de-pornire-prescan\/"},{"@type":"ListItem","position":2,"name":"Despre Prescan","item":"https:\/\/www.prescan.at\/ro\/ueber-prescan\/"},{"@type":"ListItem","position":3,"name":"Informa\u021bii juridice"}]},{"@type":"WebSite","@id":"https:\/\/dev.prescan.at\/#website","url":"https:\/\/dev.prescan.at\/","name":"Prescan\u00ae \u00d6sterreichs Premium-Vorsorge","description":"Medizinische Vorsorgeuntersuchungen ohne Wartezeiten - Prescan GmbH","publisher":{"@id":"https:\/\/dev.prescan.at\/#organization"},"potentialAction":[{"@type":"SearchAction","target":{"@type":"EntryPoint","urlTemplate":"https:\/\/dev.prescan.at\/?s={search_term_string}"},"query-input":{"@type":"PropertyValueSpecification","valueRequired":true,"valueName":"search_term_string"}}],"inLanguage":"ro-RO"},{"@type":"Organization","@id":"https:\/\/dev.prescan.at\/#organization","name":"Prescan\u00ae GmbH","url":"https:\/\/dev.prescan.at\/","logo":{"@type":"ImageObject","inLanguage":"ro-RO","@id":"https:\/\/dev.prescan.at\/#\/schema\/logo\/image\/","url":"https:\/\/www.prescan.at\/wp-content\/uploads\/2021\/06\/Prescan-Logo.svg","contentUrl":"https:\/\/www.prescan.at\/wp-content\/uploads\/2021\/06\/Prescan-Logo.svg","width":938,"height":206,"caption":"Prescan\u00ae GmbH"},"image":{"@id":"https:\/\/dev.prescan.at\/#\/schema\/logo\/image\/"}}]}},"_links":{"self":[{"href":"https:\/\/www.prescan.at\/ro\/wp-json\/wp\/v2\/pages\/134881","targetHints":{"allow":["GET"]}}],"collection":[{"href":"https:\/\/www.prescan.at\/ro\/wp-json\/wp\/v2\/pages"}],"about":[{"href":"https:\/\/www.prescan.at\/ro\/wp-json\/wp\/v2\/types\/page"}],"author":[{"embeddable":true,"href":"https:\/\/www.prescan.at\/ro\/wp-json\/wp\/v2\/users\/1"}],"replies":[{"embeddable":true,"href":"https:\/\/www.prescan.at\/ro\/wp-json\/wp\/v2\/comments?post=134881"}],"version-history":[{"count":2,"href":"https:\/\/www.prescan.at\/ro\/wp-json\/wp\/v2\/pages\/134881\/revisions"}],"predecessor-version":[{"id":139542,"href":"https:\/\/www.prescan.at\/ro\/wp-json\/wp\/v2\/pages\/134881\/revisions\/139542"}],"up":[{"embeddable":true,"href":"https:\/\/www.prescan.at\/ro\/wp-json\/wp\/v2\/pages\/134788"}],"wp:featuredmedia":[{"embeddable":true,"href":"https:\/\/www.prescan.at\/ro\/wp-json\/wp\/v2\/media\/132690"}],"wp:attachment":[{"href":"https:\/\/www.prescan.at\/ro\/wp-json\/wp\/v2\/media?parent=134881"}],"curies":[{"name":"wp","href":"https:\/\/api.w.org\/{rel}","templated":true}]}}