{"id":134880,"date":"2022-10-04T11:44:24","date_gmt":"2022-10-04T09:44:24","guid":{"rendered":"https:\/\/www.prescan.at\/toate-investigatiile\/investigatie-ct\/"},"modified":"2022-10-04T11:44:24","modified_gmt":"2022-10-04T09:44:24","slug":"investigatie-ct","status":"publish","type":"page","link":"https:\/\/www.prescan.at\/ro\/toate-investigatiile\/investigatie-ct\/","title":{"rendered":"Investiga\u021bie CT"},"content":{"rendered":"","protected":false},"excerpt":{"rendered":"","protected":false},"author":1,"featured_media":0,"parent":134784,"menu_order":94,"comment_status":"closed","ping_status":"closed","template":"","meta":{"_acf_changed":false,"inline_featured_image":false,"site-sidebar-layout":"default","site-content-layout":"default","ast-site-content-layout":"default","site-content-style":"default","site-sidebar-style":"default","ast-global-header-display":"","ast-banner-title-visibility":"","ast-main-header-display":"","ast-hfb-above-header-display":"","ast-hfb-below-header-display":"","ast-hfb-mobile-header-display":"","site-post-title":"","ast-breadcrumbs-content":"","ast-featured-img":"","footer-sml-layout":"","ast-disable-related-posts":"","theme-transparent-header-meta":"default","adv-header-id-meta":"","stick-header-meta":"default","header-above-stick-meta":"","header-main-stick-meta":"","header-below-stick-meta":"","astra-migrate-meta-layouts":"default","ast-page-background-enabled":"default","ast-page-background-meta":{"desktop":{"background-color":"","background-image":"","background-repeat":"repeat","background-position":"center center","background-size":"auto","background-attachment":"scroll","background-type":"","background-media":"","overlay-type":"","overlay-color":"","overlay-opacity":"","overlay-gradient":""},"tablet":{"background-color":"","background-image":"","background-repeat":"repeat","background-position":"center center","background-size":"auto","background-attachment":"scroll","background-type":"","background-media":"","overlay-type":"","overlay-color":"","overlay-opacity":"","overlay-gradient":""},"mobile":{"background-color":"","background-image":"","background-repeat":"repeat","background-position":"center center","background-size":"auto","background-attachment":"scroll","background-type":"","background-media":"","overlay-type":"","overlay-color":"","overlay-opacity":"","overlay-gradient":""}},"ast-content-background-meta":{"desktop":{"background-color":"var(--ast-global-color-5)","background-image":"","background-repeat":"repeat","background-position":"center center","background-size":"auto","background-attachment":"scroll","background-type":"","background-media":"","overlay-type":"","overlay-color":"","overlay-opacity":"","overlay-gradient":""},"tablet":{"background-color":"var(--ast-global-color-5)","background-image":"","background-repeat":"repeat","background-position":"center center","background-size":"auto","background-attachment":"scroll","background-type":"","background-media":"","overlay-type":"","overlay-color":"","overlay-opacity":"","overlay-gradient":""},"mobile":{"background-color":"var(--ast-global-color-5)","background-image":"","background-repeat":"repeat","background-position":"center center","background-size":"auto","background-attachment":"scroll","background-type":"","background-media":"","overlay-type":"","overlay-color":"","overlay-opacity":"","overlay-gradient":""}},"footnotes":""},"class_list":["post-134880","page","type-page","status-publish","hentry"],"acf":[],"yoast_head":"<!-- This site is optimized with the Yoast SEO plugin v27.5 - https:\/\/yoast.com\/product\/yoast-seo-wordpress\/ -->\n<title>Investiga\u021bie CT - Prescan\u00ae \u00d6sterreichs Premium-Vorsorge<\/title>\n<meta name=\"description\" content=\"O tomografie computerizat\u0103 este un tip special de radiografie care efectueaz\u0103 imagini transversale \u0219i, \u00een acest mod, organele \u0219i structurile pot fi bine ilustrate. Astfel, aceast\u0103 procedur\u0103 de diagnosticare transversal\u0103 ofer\u0103 o mai mare claritate \u0219i mai multe detalii despre organele interne, despre oase, \u021besuturile moi \u0219i vasele de s\u00e2nge dec\u00e2t radiografiile obi\u0219nuite.\" \/>\n<meta name=\"robots\" content=\"index, follow, max-snippet:-1, max-image-preview:large, max-video-preview:-1\" \/>\n<link rel=\"canonical\" href=\"https:\/\/www.prescan.at\/ro\/toate-investigatiile\/investigatie-ct\/\" \/>\n<meta property=\"og:locale\" content=\"ro_RO\" \/>\n<meta property=\"og:type\" content=\"article\" \/>\n<meta property=\"og:title\" content=\"Investiga\u021bie CT - Prescan\u00ae \u00d6sterreichs Premium-Vorsorge\" \/>\n<meta property=\"og:description\" content=\"O tomografie computerizat\u0103 este un tip special de radiografie care efectueaz\u0103 imagini transversale \u0219i, \u00een acest mod, organele \u0219i structurile pot fi bine ilustrate. Astfel, aceast\u0103 procedur\u0103 de diagnosticare transversal\u0103 ofer\u0103 o mai mare claritate \u0219i mai multe detalii despre organele interne, despre oase, \u021besuturile moi \u0219i vasele de s\u00e2nge dec\u00e2t radiografiile obi\u0219nuite.\" \/>\n<meta property=\"og:url\" content=\"https:\/\/www.prescan.at\/ro\/toate-investigatiile\/investigatie-ct\/\" \/>\n<meta property=\"og:site_name\" content=\"Prescan\u00ae \u00d6sterreichs Premium-Vorsorge\" \/>\n<meta name=\"twitter:card\" content=\"summary_large_image\" \/>\n<script type=\"application\/ld+json\" class=\"yoast-schema-graph\">{\"@context\":\"https:\\\/\\\/schema.org\",\"@graph\":[{\"@type\":\"WebPage\",\"@id\":\"https:\\\/\\\/www.prescan.at\\\/ro\\\/toate-investigatiile\\\/investigatie-ct\\\/\",\"url\":\"https:\\\/\\\/www.prescan.at\\\/ro\\\/toate-investigatiile\\\/investigatie-ct\\\/\",\"name\":\"Investiga\u021bie CT - Prescan\u00ae \u00d6sterreichs Premium-Vorsorge\",\"isPartOf\":{\"@id\":\"https:\\\/\\\/dev.prescan.at\\\/#website\"},\"datePublished\":\"2022-10-04T09:44:24+00:00\",\"description\":\"O tomografie computerizat\u0103 este un tip special de radiografie care efectueaz\u0103 imagini transversale \u0219i, \u00een acest mod, organele \u0219i structurile pot fi bine ilustrate. Astfel, aceast\u0103 procedur\u0103 de diagnosticare transversal\u0103 ofer\u0103 o mai mare claritate \u0219i mai multe detalii despre organele interne, despre oase, \u021besuturile moi \u0219i vasele de s\u00e2nge dec\u00e2t radiografiile obi\u0219nuite.\",\"breadcrumb\":{\"@id\":\"https:\\\/\\\/www.prescan.at\\\/ro\\\/toate-investigatiile\\\/investigatie-ct\\\/#breadcrumb\"},\"inLanguage\":\"ro-RO\",\"potentialAction\":[{\"@type\":\"ReadAction\",\"target\":[\"https:\\\/\\\/www.prescan.at\\\/ro\\\/toate-investigatiile\\\/investigatie-ct\\\/\"]}]},{\"@type\":\"BreadcrumbList\",\"@id\":\"https:\\\/\\\/www.prescan.at\\\/ro\\\/toate-investigatiile\\\/investigatie-ct\\\/#breadcrumb\",\"itemListElement\":[{\"@type\":\"ListItem\",\"position\":1,\"name\":\"Startseite\",\"item\":\"https:\\\/\\\/www.prescan.at\\\/ro\\\/pagina-de-pornire-prescan\\\/\"},{\"@type\":\"ListItem\",\"position\":2,\"name\":\"Toate investiga\u021biile\",\"item\":\"https:\\\/\\\/dev.prescan.at\\\/untersuchungen\\\/\"},{\"@type\":\"ListItem\",\"position\":3,\"name\":\"Investiga\u021bie CT\"}]},{\"@type\":\"WebSite\",\"@id\":\"https:\\\/\\\/dev.prescan.at\\\/#website\",\"url\":\"https:\\\/\\\/dev.prescan.at\\\/\",\"name\":\"Prescan\u00ae \u00d6sterreichs Premium-Vorsorge\",\"description\":\"Medizinische Vorsorgeuntersuchungen ohne Wartezeiten - Prescan GmbH\",\"publisher\":{\"@id\":\"https:\\\/\\\/dev.prescan.at\\\/#organization\"},\"potentialAction\":[{\"@type\":\"SearchAction\",\"target\":{\"@type\":\"EntryPoint\",\"urlTemplate\":\"https:\\\/\\\/dev.prescan.at\\\/?s={search_term_string}\"},\"query-input\":{\"@type\":\"PropertyValueSpecification\",\"valueRequired\":true,\"valueName\":\"search_term_string\"}}],\"inLanguage\":\"ro-RO\"},{\"@type\":\"Organization\",\"@id\":\"https:\\\/\\\/dev.prescan.at\\\/#organization\",\"name\":\"Prescan\u00ae GmbH\",\"url\":\"https:\\\/\\\/dev.prescan.at\\\/\",\"logo\":{\"@type\":\"ImageObject\",\"inLanguage\":\"ro-RO\",\"@id\":\"https:\\\/\\\/dev.prescan.at\\\/#\\\/schema\\\/logo\\\/image\\\/\",\"url\":\"https:\\\/\\\/www.prescan.at\\\/wp-content\\\/uploads\\\/2021\\\/06\\\/Prescan-Logo.svg\",\"contentUrl\":\"https:\\\/\\\/www.prescan.at\\\/wp-content\\\/uploads\\\/2021\\\/06\\\/Prescan-Logo.svg\",\"width\":938,\"height\":206,\"caption\":\"Prescan\u00ae GmbH\"},\"image\":{\"@id\":\"https:\\\/\\\/dev.prescan.at\\\/#\\\/schema\\\/logo\\\/image\\\/\"}}]}<\/script>\n<!-- \/ Yoast SEO plugin. -->","yoast_head_json":{"title":"Investiga\u021bie CT - Prescan\u00ae \u00d6sterreichs Premium-Vorsorge","description":"O tomografie computerizat\u0103 este un tip special de radiografie care efectueaz\u0103 imagini transversale \u0219i, \u00een acest mod, organele \u0219i structurile pot fi bine ilustrate. Astfel, aceast\u0103 procedur\u0103 de diagnosticare transversal\u0103 ofer\u0103 o mai mare claritate \u0219i mai multe detalii despre organele interne, despre oase, \u021besuturile moi \u0219i vasele de s\u00e2nge dec\u00e2t radiografiile obi\u0219nuite.","robots":{"index":"index","follow":"follow","max-snippet":"max-snippet:-1","max-image-preview":"max-image-preview:large","max-video-preview":"max-video-preview:-1"},"canonical":"https:\/\/www.prescan.at\/ro\/toate-investigatiile\/investigatie-ct\/","og_locale":"ro_RO","og_type":"article","og_title":"Investiga\u021bie CT - Prescan\u00ae \u00d6sterreichs Premium-Vorsorge","og_description":"O tomografie computerizat\u0103 este un tip special de radiografie care efectueaz\u0103 imagini transversale \u0219i, \u00een acest mod, organele \u0219i structurile pot fi bine ilustrate. Astfel, aceast\u0103 procedur\u0103 de diagnosticare transversal\u0103 ofer\u0103 o mai mare claritate \u0219i mai multe detalii despre organele interne, despre oase, \u021besuturile moi \u0219i vasele de s\u00e2nge dec\u00e2t radiografiile obi\u0219nuite.","og_url":"https:\/\/www.prescan.at\/ro\/toate-investigatiile\/investigatie-ct\/","og_site_name":"Prescan\u00ae \u00d6sterreichs Premium-Vorsorge","twitter_card":"summary_large_image","schema":{"@context":"https:\/\/schema.org","@graph":[{"@type":"WebPage","@id":"https:\/\/www.prescan.at\/ro\/toate-investigatiile\/investigatie-ct\/","url":"https:\/\/www.prescan.at\/ro\/toate-investigatiile\/investigatie-ct\/","name":"Investiga\u021bie CT - Prescan\u00ae \u00d6sterreichs Premium-Vorsorge","isPartOf":{"@id":"https:\/\/dev.prescan.at\/#website"},"datePublished":"2022-10-04T09:44:24+00:00","description":"O tomografie computerizat\u0103 este un tip special de radiografie care efectueaz\u0103 imagini transversale \u0219i, \u00een acest mod, organele \u0219i structurile pot fi bine ilustrate. Astfel, aceast\u0103 procedur\u0103 de diagnosticare transversal\u0103 ofer\u0103 o mai mare claritate \u0219i mai multe detalii despre organele interne, despre oase, \u021besuturile moi \u0219i vasele de s\u00e2nge dec\u00e2t radiografiile obi\u0219nuite.","breadcrumb":{"@id":"https:\/\/www.prescan.at\/ro\/toate-investigatiile\/investigatie-ct\/#breadcrumb"},"inLanguage":"ro-RO","potentialAction":[{"@type":"ReadAction","target":["https:\/\/www.prescan.at\/ro\/toate-investigatiile\/investigatie-ct\/"]}]},{"@type":"BreadcrumbList","@id":"https:\/\/www.prescan.at\/ro\/toate-investigatiile\/investigatie-ct\/#breadcrumb","itemListElement":[{"@type":"ListItem","position":1,"name":"Startseite","item":"https:\/\/www.prescan.at\/ro\/pagina-de-pornire-prescan\/"},{"@type":"ListItem","position":2,"name":"Toate investiga\u021biile","item":"https:\/\/dev.prescan.at\/untersuchungen\/"},{"@type":"ListItem","position":3,"name":"Investiga\u021bie CT"}]},{"@type":"WebSite","@id":"https:\/\/dev.prescan.at\/#website","url":"https:\/\/dev.prescan.at\/","name":"Prescan\u00ae \u00d6sterreichs Premium-Vorsorge","description":"Medizinische Vorsorgeuntersuchungen ohne Wartezeiten - Prescan GmbH","publisher":{"@id":"https:\/\/dev.prescan.at\/#organization"},"potentialAction":[{"@type":"SearchAction","target":{"@type":"EntryPoint","urlTemplate":"https:\/\/dev.prescan.at\/?s={search_term_string}"},"query-input":{"@type":"PropertyValueSpecification","valueRequired":true,"valueName":"search_term_string"}}],"inLanguage":"ro-RO"},{"@type":"Organization","@id":"https:\/\/dev.prescan.at\/#organization","name":"Prescan\u00ae GmbH","url":"https:\/\/dev.prescan.at\/","logo":{"@type":"ImageObject","inLanguage":"ro-RO","@id":"https:\/\/dev.prescan.at\/#\/schema\/logo\/image\/","url":"https:\/\/www.prescan.at\/wp-content\/uploads\/2021\/06\/Prescan-Logo.svg","contentUrl":"https:\/\/www.prescan.at\/wp-content\/uploads\/2021\/06\/Prescan-Logo.svg","width":938,"height":206,"caption":"Prescan\u00ae GmbH"},"image":{"@id":"https:\/\/dev.prescan.at\/#\/schema\/logo\/image\/"}}]}},"_links":{"self":[{"href":"https:\/\/www.prescan.at\/ro\/wp-json\/wp\/v2\/pages\/134880","targetHints":{"allow":["GET"]}}],"collection":[{"href":"https:\/\/www.prescan.at\/ro\/wp-json\/wp\/v2\/pages"}],"about":[{"href":"https:\/\/www.prescan.at\/ro\/wp-json\/wp\/v2\/types\/page"}],"author":[{"embeddable":true,"href":"https:\/\/www.prescan.at\/ro\/wp-json\/wp\/v2\/users\/1"}],"replies":[{"embeddable":true,"href":"https:\/\/www.prescan.at\/ro\/wp-json\/wp\/v2\/comments?post=134880"}],"version-history":[{"count":0,"href":"https:\/\/www.prescan.at\/ro\/wp-json\/wp\/v2\/pages\/134880\/revisions"}],"up":[{"embeddable":true,"href":"https:\/\/www.prescan.at\/ro\/wp-json\/wp\/v2\/pages\/134784"}],"wp:attachment":[{"href":"https:\/\/www.prescan.at\/ro\/wp-json\/wp\/v2\/media?parent=134880"}],"curies":[{"name":"wp","href":"https:\/\/api.w.org\/{rel}","templated":true}]}}