{"id":134860,"date":"2022-10-03T21:47:25","date_gmt":"2022-10-03T19:47:25","guid":{"rendered":"https:\/\/www.prescan.at\/servicii\/a-doua-opinie-medicala\/"},"modified":"2022-10-06T23:29:25","modified_gmt":"2022-10-06T21:29:25","slug":"a-doua-opinie-medicala","status":"publish","type":"page","link":"https:\/\/www.prescan.at\/ro\/servicii\/a-doua-opinie-medicala\/","title":{"rendered":"A doua opinie medical\u0103"},"content":{"rendered":"\t\t<div data-elementor-type=\"wp-page\" data-elementor-id=\"134860\" class=\"elementor elementor-134860 elementor-57\" data-elementor-settings=\"{&quot;ha_cmc_init_switcher&quot;:&quot;no&quot;}\" data-elementor-post-type=\"page\">\n\t\t\t\t\t\t<section class=\"elementor-section elementor-top-section elementor-element elementor-element-6a6ced90 elementor-section-height-min-height elementor-section-boxed elementor-section-height-default elementor-section-items-middle\" data-id=\"6a6ced90\" data-element_type=\"section\" data-e-type=\"section\" data-settings=\"{&quot;background_background&quot;:&quot;classic&quot;,&quot;_ha_eqh_enable&quot;:false}\">\n\t\t\t\t\t\t\t<div class=\"elementor-background-overlay\"><\/div>\n\t\t\t\t\t\t\t<div class=\"elementor-container elementor-column-gap-default\">\n\t\t\t\t\t<div class=\"elementor-column elementor-col-100 elementor-top-column elementor-element elementor-element-572ddf21\" data-id=\"572ddf21\" data-element_type=\"column\" data-e-type=\"column\">\n\t\t\t<div class=\"elementor-widget-wrap elementor-element-populated\">\n\t\t\t\t\t\t<div class=\"elementor-element elementor-element-50b03c3e elementor-widget__width-auto elementor-widget-divider--view-line elementor-widget elementor-widget-divider\" data-id=\"50b03c3e\" data-element_type=\"widget\" data-e-type=\"widget\" data-widget_type=\"divider.default\">\n\t\t\t\t<div class=\"elementor-widget-container\">\n\t\t\t\t\t\t\t<div class=\"elementor-divider\">\n\t\t\t<span class=\"elementor-divider-separator\">\n\t\t\t\t\t\t<\/span>\n\t\t<\/div>\n\t\t\t\t\t\t<\/div>\n\t\t\t\t<\/div>\n\t\t\t\t<div class=\"elementor-element elementor-element-1427d5fd elementor-widget__width-auto elementor-widget elementor-widget-heading\" data-id=\"1427d5fd\" data-element_type=\"widget\" data-e-type=\"widget\" data-widget_type=\"heading.default\">\n\t\t\t\t<div class=\"elementor-widget-container\">\n\t\t\t\t\t<h4 class=\"elementor-heading-title elementor-size-default\">A doua opinie medical\u0103<\/h4>\t\t\t\t<\/div>\n\t\t\t\t<\/div>\n\t\t\t\t<div class=\"elementor-element elementor-element-457ac611 elementor-widget elementor-widget-theme-post-title elementor-page-title elementor-widget-heading\" data-id=\"457ac611\" data-element_type=\"widget\" data-e-type=\"widget\" data-widget_type=\"theme-post-title.default\">\n\t\t\t\t<div class=\"elementor-widget-container\">\n\t\t\t\t\t<h1 class=\"elementor-heading-title elementor-size-default\">A doua opinie medical\u0103<\/h1>\t\t\t\t<\/div>\n\t\t\t\t<\/div>\n\t\t\t\t\t<\/div>\n\t\t<\/div>\n\t\t\t\t\t<\/div>\n\t\t<\/section>\n\t\t\t\t<section class=\"elementor-section elementor-top-section elementor-element elementor-element-54cc96af elementor-section-boxed elementor-section-height-default elementor-section-height-default\" data-id=\"54cc96af\" data-element_type=\"section\" data-e-type=\"section\" data-settings=\"{&quot;_ha_eqh_enable&quot;:false}\">\n\t\t\t\t\t\t<div class=\"elementor-container elementor-column-gap-default\">\n\t\t\t\t\t<div class=\"elementor-column elementor-col-100 elementor-top-column elementor-element elementor-element-47f9d2b8\" data-id=\"47f9d2b8\" data-element_type=\"column\" data-e-type=\"column\">\n\t\t\t<div class=\"elementor-widget-wrap elementor-element-populated\">\n\t\t\t\t\t\t<div class=\"elementor-element elementor-element-1eb6e8b8 elementor-widget elementor-widget-heading\" data-id=\"1eb6e8b8\" data-element_type=\"widget\" data-e-type=\"widget\" data-widget_type=\"heading.default\">\n\t\t\t\t<div class=\"elementor-widget-container\">\n\t\t\t\t\t<h2 class=\"elementor-heading-title elementor-size-default\">De ce a doua opinie medical\u0103?<\/h2>\t\t\t\t<\/div>\n\t\t\t\t<\/div>\n\t\t\t\t<div class=\"elementor-element elementor-element-3f40ae77 elementor-widget elementor-widget-text-editor\" data-id=\"3f40ae77\" data-element_type=\"widget\" data-e-type=\"widget\" data-widget_type=\"text-editor.default\">\n\t\t\t\t<div class=\"elementor-widget-container\">\n\t\t\t\t\t\t\t\t\tA\u021bi primit un diagnostic sau o recomandare de tratament \u0219i vre\u021bi s\u0103 \u0219ti\u021bi dac\u0103 exist\u0103 alternative?\r\n\r\nEste posibil ca \u00een cazul unei afec\u021biuni grave s\u0103 fie at\u00e2t important, c\u00e2t \u0219i necesar s\u0103 beneficia\u021bi de o a doua opinie medical\u0103. Astfel, pute\u021bi \u00een\u021belege mai bine situa\u021bia \u0219i s\u0103 alege\u021bi pentru dumneavoastr\u0103 cel mai bun tratament posibil. De asemenea, v\u0103 ajut\u0103 s\u0103 evalua\u021bi mai bine \u0219ansele \u0219i riscurile tratamentului primit.\r\n\r\nO evaluare obiectiv\u0103 a diagnosticului sau a recomand\u0103rii de tratament de c\u0103tre o a doua opinie v\u0103 asigur\u0103 c\u0103 primi\u021bi cel mai bun tratament posibil.\r\n\r\nPrescan coopereaz\u0103 cu medici de top din toate specialit\u0103\u021bile \u0219i v\u0103 asigur\u0103 c\u0103 ve\u021bi primi cea mai bun\u0103 op\u021biune posibil\u0103 pentru tratamentul dumneavoastr\u0103. Suntem aici pentru dumneavoastr\u0103 \u0219i v\u0103 ajut\u0103m s\u0103 ave\u021bi parte de mai mult\u0103 claritate \u0219i siguran\u021b\u0103. Totul &#8211; independent, profesionist \u0219i discret.\r\n\r\nContacta\u021bi-ne \u0219i v\u0103 sf\u0103tuim cu pl\u0103cere.\t\t\t\t\t\t\t\t<\/div>\n\t\t\t\t<\/div>\n\t\t\t\t\t<\/div>\n\t\t<\/div>\n\t\t\t\t\t<\/div>\n\t\t<\/section>\n\t\t\t\t<section class=\"elementor-section elementor-top-section elementor-element elementor-element-4e7e8964 elementor-section-boxed elementor-section-height-default elementor-section-height-default\" data-id=\"4e7e8964\" data-element_type=\"section\" data-e-type=\"section\" data-settings=\"{&quot;_ha_eqh_enable&quot;:false}\">\n\t\t\t\t\t\t<div class=\"elementor-container elementor-column-gap-default\">\n\t\t\t\t\t<div class=\"elementor-column elementor-col-100 elementor-top-column elementor-element elementor-element-6b5f447f\" data-id=\"6b5f447f\" data-element_type=\"column\" data-e-type=\"column\">\n\t\t\t<div class=\"elementor-widget-wrap elementor-element-populated\">\n\t\t\t\t\t\t<div class=\"elementor-element elementor-element-304cd469 elementor-widget elementor-widget-heading\" data-id=\"304cd469\" data-element_type=\"widget\" data-e-type=\"widget\" data-widget_type=\"heading.default\">\n\t\t\t\t<div class=\"elementor-widget-container\">\n\t\t\t\t\t<h2 class=\"elementor-heading-title elementor-size-default\">V\u0103 ajut\u0103m cu pl\u0103cere!<\/h2>\t\t\t\t<\/div>\n\t\t\t\t<\/div>\n\t\t\t\t<section class=\"elementor-section elementor-inner-section elementor-element elementor-element-c75581f elementor-section-boxed elementor-section-height-default elementor-section-height-default\" data-id=\"c75581f\" data-element_type=\"section\" data-e-type=\"section\" data-settings=\"{&quot;_ha_eqh_enable&quot;:false}\">\n\t\t\t\t\t\t<div class=\"elementor-container elementor-column-gap-default\">\n\t\t\t\t\t<div class=\"elementor-column elementor-col-50 elementor-inner-column elementor-element elementor-element-7cd06c41\" data-id=\"7cd06c41\" data-element_type=\"column\" data-e-type=\"column\">\n\t\t\t<div class=\"elementor-widget-wrap elementor-element-populated\">\n\t\t\t\t\t\t<div class=\"elementor-element elementor-element-3d4a4fdc elementor-position-inline-start elementor-view-default elementor-mobile-position-block-start elementor-widget elementor-widget-icon-box\" data-id=\"3d4a4fdc\" data-element_type=\"widget\" data-e-type=\"widget\" data-widget_type=\"icon-box.default\">\n\t\t\t\t<div class=\"elementor-widget-container\">\n\t\t\t\t\t\t\t<div class=\"elementor-icon-box-wrapper\">\n\n\t\t\t\t\t\t<div class=\"elementor-icon-box-icon\">\n\t\t\t\t<a href=\"mailto:info@prescan.at\" class=\"elementor-icon\" tabindex=\"-1\" aria-label=\"Scrie\u021bi-ne un e-mail\">\n\t\t\t\t<i aria-hidden=\"true\" class=\"far fa-envelope\"><\/i>\t\t\t\t<\/a>\n\t\t\t<\/div>\n\t\t\t\n\t\t\t\t\t\t<div class=\"elementor-icon-box-content\">\n\n\t\t\t\t\t\t\t\t\t<h3 class=\"elementor-icon-box-title\">\n\t\t\t\t\t\t<a href=\"mailto:info@prescan.at\" >\n\t\t\t\t\t\t\tScrie\u021bi-ne un e-mail\t\t\t\t\t\t<\/a>\n\t\t\t\t\t<\/h3>\n\t\t\t\t\n\t\t\t\t\t\t\t\t\t<p class=\"elementor-icon-box-description\">\n\t\t\t\t\t\tR\u0103spundem \u00een decursul unei zile lucr\u0103toare\t\t\t\t\t<\/p>\n\t\t\t\t\n\t\t\t<\/div>\n\t\t\t\n\t\t<\/div>\n\t\t\t\t\t\t<\/div>\n\t\t\t\t<\/div>\n\t\t\t\t\t<\/div>\n\t\t<\/div>\n\t\t\t\t<div class=\"elementor-column elementor-col-50 elementor-inner-column elementor-element elementor-element-634cb27e\" data-id=\"634cb27e\" data-element_type=\"column\" data-e-type=\"column\">\n\t\t\t<div class=\"elementor-widget-wrap elementor-element-populated\">\n\t\t\t\t\t\t<div class=\"elementor-element elementor-element-50238d77 elementor-position-inline-start elementor-view-default elementor-mobile-position-block-start elementor-widget elementor-widget-icon-box\" data-id=\"50238d77\" data-element_type=\"widget\" data-e-type=\"widget\" data-widget_type=\"icon-box.default\">\n\t\t\t\t<div class=\"elementor-widget-container\">\n\t\t\t\t\t\t\t<div class=\"elementor-icon-box-wrapper\">\n\n\t\t\t\t\t\t<div class=\"elementor-icon-box-icon\">\n\t\t\t\t<a href=\"\" class=\"elementor-icon\" tabindex=\"-1\" aria-label=\"Suna\u021bi acum\">\n\t\t\t\t<i aria-hidden=\"true\" class=\"fas fa-mobile-alt\"><\/i>\t\t\t\t<\/a>\n\t\t\t<\/div>\n\t\t\t\n\t\t\t\t\t\t<div class=\"elementor-icon-box-content\">\n\n\t\t\t\t\t\t\t\t\t<h3 class=\"elementor-icon-box-title\">\n\t\t\t\t\t\t<a href=\"\" >\n\t\t\t\t\t\t\tSuna\u021bi acum\t\t\t\t\t\t<\/a>\n\t\t\t\t\t<\/h3>\n\t\t\t\t\n\t\t\t\t\t\t\t\t\t<p class=\"elementor-icon-box-description\">\n\t\t\t\t\t\tLuni-Vineri: 08:00-16:30\r\n\t\t\t\t\t<\/p>\n\t\t\t\t\n\t\t\t<\/div>\n\t\t\t\n\t\t<\/div>\n\t\t\t\t\t\t<\/div>\n\t\t\t\t<\/div>\n\t\t\t\t\t<\/div>\n\t\t<\/div>\n\t\t\t\t\t<\/div>\n\t\t<\/section>\n\t\t\t\t\t<\/div>\n\t\t<\/div>\n\t\t\t\t\t<\/div>\n\t\t<\/section>\n\t\t\t\t<\/div>\n\t\t","protected":false},"excerpt":{"rendered":"<p>A doua opinie medical\u0103 De ce a doua opinie medical\u0103? A\u021bi primit un diagnostic sau o recomandare de tratament \u0219i vre\u021bi s\u0103 \u0219ti\u021bi dac\u0103 exist\u0103 alternative? Este posibil ca \u00een cazul unei afec\u021biuni grave s\u0103 fie at\u00e2t important, c\u00e2t \u0219i necesar s\u0103 beneficia\u021bi de o a doua opinie medical\u0103. Astfel, pute\u021bi \u00een\u021belege mai bine situa\u021bia [&hellip;]<\/p>\n","protected":false},"author":1,"featured_media":132677,"parent":134800,"menu_order":138,"comment_status":"closed","ping_status":"closed","template":"","meta":{"_acf_changed":false,"inline_featured_image":false,"site-sidebar-layout":"no-sidebar","site-content-layout":"page-builder","ast-site-content-layout":"default","site-content-style":"default","site-sidebar-style":"default","ast-global-header-display":"","ast-banner-title-visibility":"","ast-main-header-display":"","ast-hfb-above-header-display":"","ast-hfb-below-header-display":"","ast-hfb-mobile-header-display":"","site-post-title":"disabled","ast-breadcrumbs-content":"","ast-featured-img":"disabled","footer-sml-layout":"","ast-disable-related-posts":"","theme-transparent-header-meta":"default","adv-header-id-meta":"","stick-header-meta":"default","header-above-stick-meta":"","header-main-stick-meta":"","header-below-stick-meta":"","astra-migrate-meta-layouts":"default","ast-page-background-enabled":"default","ast-page-background-meta":{"desktop":{"background-color":"","background-image":"","background-repeat":"repeat","background-position":"center center","background-size":"auto","background-attachment":"scroll","background-type":"","background-media":"","overlay-type":"","overlay-color":"","overlay-opacity":"","overlay-gradient":""},"tablet":{"background-color":"","background-image":"","background-repeat":"repeat","background-position":"center center","background-size":"auto","background-attachment":"scroll","background-type":"","background-media":"","overlay-type":"","overlay-color":"","overlay-opacity":"","overlay-gradient":""},"mobile":{"background-color":"","background-image":"","background-repeat":"repeat","background-position":"center center","background-size":"auto","background-attachment":"scroll","background-type":"","background-media":"","overlay-type":"","overlay-color":"","overlay-opacity":"","overlay-gradient":""}},"ast-content-background-meta":{"desktop":{"background-color":"var(--ast-global-color-5)","background-image":"","background-repeat":"repeat","background-position":"center center","background-size":"auto","background-attachment":"scroll","background-type":"","background-media":"","overlay-type":"","overlay-color":"","overlay-opacity":"","overlay-gradient":""},"tablet":{"background-color":"var(--ast-global-color-5)","background-image":"","background-repeat":"repeat","background-position":"center center","background-size":"auto","background-attachment":"scroll","background-type":"","background-media":"","overlay-type":"","overlay-color":"","overlay-opacity":"","overlay-gradient":""},"mobile":{"background-color":"var(--ast-global-color-5)","background-image":"","background-repeat":"repeat","background-position":"center center","background-size":"auto","background-attachment":"scroll","background-type":"","background-media":"","overlay-type":"","overlay-color":"","overlay-opacity":"","overlay-gradient":""}},"footnotes":""},"class_list":["post-134860","page","type-page","status-publish","has-post-thumbnail","hentry"],"acf":[],"yoast_head":"<!-- This site is optimized with the Yoast SEO plugin v27.5 - https:\/\/yoast.com\/product\/yoast-seo-wordpress\/ -->\n<title>A doua opinie medical\u0103 - Prescan\u00ae \u00d6sterreichs Premium-Vorsorge<\/title>\n<meta name=\"description\" content=\"Ave\u021bi \u00eendoieli cu privire la un diagnostic sau o recomandare de tratament? V\u0103 a\u0219tept\u0103m la noi pentru a solicita o a doua opinie medical\u0103 pentru a verifica acest lucru. Prescan coopereaz\u0103 cu medici de top din toate specialit\u0103\u021bile \u0219i v\u0103 asigur\u0103 c\u0103 ve\u021bi primi cea mai bun\u0103 op\u021biune posibil\u0103 pentru tratamentul dumneavoastr\u0103.\" \/>\n<meta name=\"robots\" content=\"index, follow, max-snippet:-1, max-image-preview:large, max-video-preview:-1\" \/>\n<link rel=\"canonical\" href=\"https:\/\/www.prescan.at\/ro\/servicii\/a-doua-opinie-medicala\/\" \/>\n<meta property=\"og:locale\" content=\"ro_RO\" \/>\n<meta property=\"og:type\" content=\"article\" \/>\n<meta property=\"og:title\" content=\"A doua opinie medical\u0103 - Prescan\u00ae \u00d6sterreichs Premium-Vorsorge\" \/>\n<meta property=\"og:description\" content=\"Ave\u021bi \u00eendoieli cu privire la un diagnostic sau o recomandare de tratament? V\u0103 a\u0219tept\u0103m la noi pentru a solicita o a doua opinie medical\u0103 pentru a verifica acest lucru. Prescan coopereaz\u0103 cu medici de top din toate specialit\u0103\u021bile \u0219i v\u0103 asigur\u0103 c\u0103 ve\u021bi primi cea mai bun\u0103 op\u021biune posibil\u0103 pentru tratamentul dumneavoastr\u0103.\" \/>\n<meta property=\"og:url\" content=\"https:\/\/www.prescan.at\/ro\/servicii\/a-doua-opinie-medicala\/\" \/>\n<meta property=\"og:site_name\" content=\"Prescan\u00ae \u00d6sterreichs Premium-Vorsorge\" \/>\n<meta property=\"article:modified_time\" content=\"2022-10-06T21:29:25+00:00\" \/>\n<meta property=\"og:image\" content=\"https:\/\/dev.prescan.at\/wp-content\/uploads\/2021\/10\/prescan-zweite-meinung-second-opinion.jpg\" \/>\n\t<meta property=\"og:image:width\" content=\"1680\" \/>\n\t<meta property=\"og:image:height\" content=\"600\" \/>\n\t<meta property=\"og:image:type\" content=\"image\/jpeg\" \/>\n<meta name=\"twitter:card\" content=\"summary_large_image\" \/>\n<meta name=\"twitter:label1\" content=\"Timp estimat pentru citire\" \/>\n\t<meta name=\"twitter:data1\" content=\"1 minut\" \/>\n<script type=\"application\/ld+json\" class=\"yoast-schema-graph\">{\"@context\":\"https:\\\/\\\/schema.org\",\"@graph\":[{\"@type\":\"WebPage\",\"@id\":\"https:\\\/\\\/www.prescan.at\\\/ro\\\/servicii\\\/a-doua-opinie-medicala\\\/\",\"url\":\"https:\\\/\\\/www.prescan.at\\\/ro\\\/servicii\\\/a-doua-opinie-medicala\\\/\",\"name\":\"A doua opinie medical\u0103 - Prescan\u00ae \u00d6sterreichs Premium-Vorsorge\",\"isPartOf\":{\"@id\":\"https:\\\/\\\/dev.prescan.at\\\/#website\"},\"primaryImageOfPage\":{\"@id\":\"https:\\\/\\\/www.prescan.at\\\/ro\\\/servicii\\\/a-doua-opinie-medicala\\\/#primaryimage\"},\"image\":{\"@id\":\"https:\\\/\\\/www.prescan.at\\\/ro\\\/servicii\\\/a-doua-opinie-medicala\\\/#primaryimage\"},\"thumbnailUrl\":\"https:\\\/\\\/www.prescan.at\\\/wp-content\\\/uploads\\\/2021\\\/10\\\/prescan-zweite-meinung-second-opinion.jpg\",\"datePublished\":\"2022-10-03T19:47:25+00:00\",\"dateModified\":\"2022-10-06T21:29:25+00:00\",\"description\":\"Ave\u021bi \u00eendoieli cu privire la un diagnostic sau o recomandare de tratament? V\u0103 a\u0219tept\u0103m la noi pentru a solicita o a doua opinie medical\u0103 pentru a verifica acest lucru. Prescan coopereaz\u0103 cu medici de top din toate specialit\u0103\u021bile \u0219i v\u0103 asigur\u0103 c\u0103 ve\u021bi primi cea mai bun\u0103 op\u021biune posibil\u0103 pentru tratamentul dumneavoastr\u0103.\",\"breadcrumb\":{\"@id\":\"https:\\\/\\\/www.prescan.at\\\/ro\\\/servicii\\\/a-doua-opinie-medicala\\\/#breadcrumb\"},\"inLanguage\":\"ro-RO\",\"potentialAction\":[{\"@type\":\"ReadAction\",\"target\":[\"https:\\\/\\\/www.prescan.at\\\/ro\\\/servicii\\\/a-doua-opinie-medicala\\\/\"]}]},{\"@type\":\"ImageObject\",\"inLanguage\":\"ro-RO\",\"@id\":\"https:\\\/\\\/www.prescan.at\\\/ro\\\/servicii\\\/a-doua-opinie-medicala\\\/#primaryimage\",\"url\":\"https:\\\/\\\/www.prescan.at\\\/wp-content\\\/uploads\\\/2021\\\/10\\\/prescan-zweite-meinung-second-opinion.jpg\",\"contentUrl\":\"https:\\\/\\\/www.prescan.at\\\/wp-content\\\/uploads\\\/2021\\\/10\\\/prescan-zweite-meinung-second-opinion.jpg\",\"width\":1680,\"height\":600},{\"@type\":\"BreadcrumbList\",\"@id\":\"https:\\\/\\\/www.prescan.at\\\/ro\\\/servicii\\\/a-doua-opinie-medicala\\\/#breadcrumb\",\"itemListElement\":[{\"@type\":\"ListItem\",\"position\":1,\"name\":\"Startseite\",\"item\":\"https:\\\/\\\/www.prescan.at\\\/ro\\\/pagina-de-pornire-prescan\\\/\"},{\"@type\":\"ListItem\",\"position\":2,\"name\":\"Servicii\",\"item\":\"https:\\\/\\\/www.prescan.at\\\/ro\\\/services\\\/\"},{\"@type\":\"ListItem\",\"position\":3,\"name\":\"A doua opinie medical\u0103\"}]},{\"@type\":\"WebSite\",\"@id\":\"https:\\\/\\\/dev.prescan.at\\\/#website\",\"url\":\"https:\\\/\\\/dev.prescan.at\\\/\",\"name\":\"Prescan\u00ae \u00d6sterreichs Premium-Vorsorge\",\"description\":\"Medizinische Vorsorgeuntersuchungen ohne Wartezeiten - Prescan GmbH\",\"publisher\":{\"@id\":\"https:\\\/\\\/dev.prescan.at\\\/#organization\"},\"potentialAction\":[{\"@type\":\"SearchAction\",\"target\":{\"@type\":\"EntryPoint\",\"urlTemplate\":\"https:\\\/\\\/dev.prescan.at\\\/?s={search_term_string}\"},\"query-input\":{\"@type\":\"PropertyValueSpecification\",\"valueRequired\":true,\"valueName\":\"search_term_string\"}}],\"inLanguage\":\"ro-RO\"},{\"@type\":\"Organization\",\"@id\":\"https:\\\/\\\/dev.prescan.at\\\/#organization\",\"name\":\"Prescan\u00ae GmbH\",\"url\":\"https:\\\/\\\/dev.prescan.at\\\/\",\"logo\":{\"@type\":\"ImageObject\",\"inLanguage\":\"ro-RO\",\"@id\":\"https:\\\/\\\/dev.prescan.at\\\/#\\\/schema\\\/logo\\\/image\\\/\",\"url\":\"https:\\\/\\\/www.prescan.at\\\/wp-content\\\/uploads\\\/2021\\\/06\\\/Prescan-Logo.svg\",\"contentUrl\":\"https:\\\/\\\/www.prescan.at\\\/wp-content\\\/uploads\\\/2021\\\/06\\\/Prescan-Logo.svg\",\"width\":938,\"height\":206,\"caption\":\"Prescan\u00ae GmbH\"},\"image\":{\"@id\":\"https:\\\/\\\/dev.prescan.at\\\/#\\\/schema\\\/logo\\\/image\\\/\"}}]}<\/script>\n<!-- \/ Yoast SEO plugin. -->","yoast_head_json":{"title":"A doua opinie medical\u0103 - Prescan\u00ae \u00d6sterreichs Premium-Vorsorge","description":"Ave\u021bi \u00eendoieli cu privire la un diagnostic sau o recomandare de tratament? V\u0103 a\u0219tept\u0103m la noi pentru a solicita o a doua opinie medical\u0103 pentru a verifica acest lucru. Prescan coopereaz\u0103 cu medici de top din toate specialit\u0103\u021bile \u0219i v\u0103 asigur\u0103 c\u0103 ve\u021bi primi cea mai bun\u0103 op\u021biune posibil\u0103 pentru tratamentul dumneavoastr\u0103.","robots":{"index":"index","follow":"follow","max-snippet":"max-snippet:-1","max-image-preview":"max-image-preview:large","max-video-preview":"max-video-preview:-1"},"canonical":"https:\/\/www.prescan.at\/ro\/servicii\/a-doua-opinie-medicala\/","og_locale":"ro_RO","og_type":"article","og_title":"A doua opinie medical\u0103 - Prescan\u00ae \u00d6sterreichs Premium-Vorsorge","og_description":"Ave\u021bi \u00eendoieli cu privire la un diagnostic sau o recomandare de tratament? V\u0103 a\u0219tept\u0103m la noi pentru a solicita o a doua opinie medical\u0103 pentru a verifica acest lucru. Prescan coopereaz\u0103 cu medici de top din toate specialit\u0103\u021bile \u0219i v\u0103 asigur\u0103 c\u0103 ve\u021bi primi cea mai bun\u0103 op\u021biune posibil\u0103 pentru tratamentul dumneavoastr\u0103.","og_url":"https:\/\/www.prescan.at\/ro\/servicii\/a-doua-opinie-medicala\/","og_site_name":"Prescan\u00ae \u00d6sterreichs Premium-Vorsorge","article_modified_time":"2022-10-06T21:29:25+00:00","og_image":[{"width":1680,"height":600,"url":"https:\/\/dev.prescan.at\/wp-content\/uploads\/2021\/10\/prescan-zweite-meinung-second-opinion.jpg","type":"image\/jpeg"}],"twitter_card":"summary_large_image","twitter_misc":{"Timp estimat pentru citire":"1 minut"},"schema":{"@context":"https:\/\/schema.org","@graph":[{"@type":"WebPage","@id":"https:\/\/www.prescan.at\/ro\/servicii\/a-doua-opinie-medicala\/","url":"https:\/\/www.prescan.at\/ro\/servicii\/a-doua-opinie-medicala\/","name":"A doua opinie medical\u0103 - Prescan\u00ae \u00d6sterreichs Premium-Vorsorge","isPartOf":{"@id":"https:\/\/dev.prescan.at\/#website"},"primaryImageOfPage":{"@id":"https:\/\/www.prescan.at\/ro\/servicii\/a-doua-opinie-medicala\/#primaryimage"},"image":{"@id":"https:\/\/www.prescan.at\/ro\/servicii\/a-doua-opinie-medicala\/#primaryimage"},"thumbnailUrl":"https:\/\/www.prescan.at\/wp-content\/uploads\/2021\/10\/prescan-zweite-meinung-second-opinion.jpg","datePublished":"2022-10-03T19:47:25+00:00","dateModified":"2022-10-06T21:29:25+00:00","description":"Ave\u021bi \u00eendoieli cu privire la un diagnostic sau o recomandare de tratament? V\u0103 a\u0219tept\u0103m la noi pentru a solicita o a doua opinie medical\u0103 pentru a verifica acest lucru. Prescan coopereaz\u0103 cu medici de top din toate specialit\u0103\u021bile \u0219i v\u0103 asigur\u0103 c\u0103 ve\u021bi primi cea mai bun\u0103 op\u021biune posibil\u0103 pentru tratamentul dumneavoastr\u0103.","breadcrumb":{"@id":"https:\/\/www.prescan.at\/ro\/servicii\/a-doua-opinie-medicala\/#breadcrumb"},"inLanguage":"ro-RO","potentialAction":[{"@type":"ReadAction","target":["https:\/\/www.prescan.at\/ro\/servicii\/a-doua-opinie-medicala\/"]}]},{"@type":"ImageObject","inLanguage":"ro-RO","@id":"https:\/\/www.prescan.at\/ro\/servicii\/a-doua-opinie-medicala\/#primaryimage","url":"https:\/\/www.prescan.at\/wp-content\/uploads\/2021\/10\/prescan-zweite-meinung-second-opinion.jpg","contentUrl":"https:\/\/www.prescan.at\/wp-content\/uploads\/2021\/10\/prescan-zweite-meinung-second-opinion.jpg","width":1680,"height":600},{"@type":"BreadcrumbList","@id":"https:\/\/www.prescan.at\/ro\/servicii\/a-doua-opinie-medicala\/#breadcrumb","itemListElement":[{"@type":"ListItem","position":1,"name":"Startseite","item":"https:\/\/www.prescan.at\/ro\/pagina-de-pornire-prescan\/"},{"@type":"ListItem","position":2,"name":"Servicii","item":"https:\/\/www.prescan.at\/ro\/services\/"},{"@type":"ListItem","position":3,"name":"A doua opinie medical\u0103"}]},{"@type":"WebSite","@id":"https:\/\/dev.prescan.at\/#website","url":"https:\/\/dev.prescan.at\/","name":"Prescan\u00ae \u00d6sterreichs Premium-Vorsorge","description":"Medizinische Vorsorgeuntersuchungen ohne Wartezeiten - Prescan GmbH","publisher":{"@id":"https:\/\/dev.prescan.at\/#organization"},"potentialAction":[{"@type":"SearchAction","target":{"@type":"EntryPoint","urlTemplate":"https:\/\/dev.prescan.at\/?s={search_term_string}"},"query-input":{"@type":"PropertyValueSpecification","valueRequired":true,"valueName":"search_term_string"}}],"inLanguage":"ro-RO"},{"@type":"Organization","@id":"https:\/\/dev.prescan.at\/#organization","name":"Prescan\u00ae GmbH","url":"https:\/\/dev.prescan.at\/","logo":{"@type":"ImageObject","inLanguage":"ro-RO","@id":"https:\/\/dev.prescan.at\/#\/schema\/logo\/image\/","url":"https:\/\/www.prescan.at\/wp-content\/uploads\/2021\/06\/Prescan-Logo.svg","contentUrl":"https:\/\/www.prescan.at\/wp-content\/uploads\/2021\/06\/Prescan-Logo.svg","width":938,"height":206,"caption":"Prescan\u00ae GmbH"},"image":{"@id":"https:\/\/dev.prescan.at\/#\/schema\/logo\/image\/"}}]}},"_links":{"self":[{"href":"https:\/\/www.prescan.at\/ro\/wp-json\/wp\/v2\/pages\/134860","targetHints":{"allow":["GET"]}}],"collection":[{"href":"https:\/\/www.prescan.at\/ro\/wp-json\/wp\/v2\/pages"}],"about":[{"href":"https:\/\/www.prescan.at\/ro\/wp-json\/wp\/v2\/types\/page"}],"author":[{"embeddable":true,"href":"https:\/\/www.prescan.at\/ro\/wp-json\/wp\/v2\/users\/1"}],"replies":[{"embeddable":true,"href":"https:\/\/www.prescan.at\/ro\/wp-json\/wp\/v2\/comments?post=134860"}],"version-history":[{"count":0,"href":"https:\/\/www.prescan.at\/ro\/wp-json\/wp\/v2\/pages\/134860\/revisions"}],"up":[{"embeddable":true,"href":"https:\/\/www.prescan.at\/ro\/wp-json\/wp\/v2\/pages\/134800"}],"wp:featuredmedia":[{"embeddable":true,"href":"https:\/\/www.prescan.at\/ro\/wp-json\/wp\/v2\/media\/132677"}],"wp:attachment":[{"href":"https:\/\/www.prescan.at\/ro\/wp-json\/wp\/v2\/media?parent=134860"}],"curies":[{"name":"wp","href":"https:\/\/api.w.org\/{rel}","templated":true}]}}