{"id":132942,"date":"2022-08-31T14:20:21","date_gmt":"2022-08-31T12:20:21","guid":{"rendered":"https:\/\/www.prescan.at\/programare\/"},"modified":"2025-04-28T11:50:47","modified_gmt":"2025-04-28T09:50:47","slug":"programare","status":"publish","type":"page","link":"https:\/\/www.prescan.at\/ro\/programare\/","title":{"rendered":"Programare"},"content":{"rendered":"\t\t<div data-elementor-type=\"wp-page\" data-elementor-id=\"132942\" class=\"elementor elementor-132942 elementor-1062\" data-elementor-settings=\"{&quot;ha_cmc_init_switcher&quot;:&quot;no&quot;}\" data-elementor-post-type=\"page\">\n\t\t\t\t\t\t<section class=\"elementor-section elementor-top-section elementor-element elementor-element-8f118f2 elementor-section-boxed elementor-section-height-default elementor-section-height-default\" data-id=\"8f118f2\" data-element_type=\"section\" data-e-type=\"section\" data-settings=\"{&quot;_ha_eqh_enable&quot;:false}\">\n\t\t\t\t\t\t<div class=\"elementor-container elementor-column-gap-default\">\n\t\t\t\t\t\t<\/div>\n\t\t<\/section>\n\t\t\t\t<section class=\"elementor-section elementor-top-section elementor-element elementor-element-91d787c elementor-section-boxed elementor-section-height-default elementor-section-height-default\" data-id=\"91d787c\" data-element_type=\"section\" data-e-type=\"section\" data-settings=\"{&quot;background_background&quot;:&quot;classic&quot;,&quot;_ha_eqh_enable&quot;:false}\">\n\t\t\t\t\t\t<div class=\"elementor-container elementor-column-gap-default\">\n\t\t\t\t\t<div class=\"elementor-column elementor-col-100 elementor-top-column elementor-element elementor-element-2aea743\" data-id=\"2aea743\" data-element_type=\"column\" data-e-type=\"column\">\n\t\t\t<div class=\"elementor-widget-wrap elementor-element-populated\">\n\t\t\t\t\t\t<div class=\"elementor-element elementor-element-6e85e7c elementor-widget elementor-widget-heading\" data-id=\"6e85e7c\" data-element_type=\"widget\" data-e-type=\"widget\" data-widget_type=\"heading.default\">\n\t\t\t\t<div class=\"elementor-widget-container\">\n\t\t\t\t\t<h1 class=\"elementor-heading-title elementor-size-default\">Face\u021bi o programare<\/h1>\t\t\t\t<\/div>\n\t\t\t\t<\/div>\n\t\t\t\t<div class=\"elementor-element elementor-element-cfb0504 elementor-widget elementor-widget-text-editor\" data-id=\"cfb0504\" data-element_type=\"widget\" data-e-type=\"widget\" data-widget_type=\"text-editor.default\">\n\t\t\t\t<div class=\"elementor-widget-container\">\n\t\t\t\t\t\t\t\t\t<p>Vre\u021bi s\u0103 arunca\u021bi o privire asupra st\u0103rii dumneavoastr\u0103 de s\u0103n\u0103tate? L\u0103sa\u021bi-ne mai jos datele dumneavoastr\u0103 de contact pentru ca noi s\u0103 v\u0103 putem oferi, \u00een primul r\u00e2nd, un sfat medical personal \u0219i necondi\u021bionat. Dac\u0103 este cazul, v\u0103 vom face o programare pentru investiga\u021bii.<\/p>\n\t\t\t\t\t\t\t\t<\/div>\n\t\t\t\t<\/div>\n\t\t\t\t\t<\/div>\n\t\t<\/div>\n\t\t\t\t\t<\/div>\n\t\t<\/section>\n\t\t\t\t<section class=\"elementor-section elementor-top-section elementor-element elementor-element-008d54b elementor-section-boxed elementor-section-height-default elementor-section-height-default\" data-id=\"008d54b\" data-element_type=\"section\" data-e-type=\"section\" data-settings=\"{&quot;_ha_eqh_enable&quot;:false}\">\n\t\t\t\t\t\t<div class=\"elementor-container elementor-column-gap-default\">\n\t\t\t\t\t<div class=\"elementor-column elementor-col-100 elementor-top-column elementor-element elementor-element-a45f212\" data-id=\"a45f212\" data-element_type=\"column\" data-e-type=\"column\">\n\t\t\t<div class=\"elementor-widget-wrap elementor-element-populated\">\n\t\t\t\t\t\t<div class=\"elementor-element elementor-element-1a31958 elementor-button-align-center elementor-widget elementor-widget-form\" data-id=\"1a31958\" data-element_type=\"widget\" data-e-type=\"widget\" data-settings=\"{&quot;step_next_label&quot;:&quot;\\u00cenainte&quot;,&quot;step_previous_label&quot;:&quot;\\u00cenapoi&quot;,&quot;step_type&quot;:&quot;number_text&quot;,&quot;step_icon_shape&quot;:&quot;circle&quot;}\" data-widget_type=\"form.default\">\n\t\t\t\t<div class=\"elementor-widget-container\">\n\t\t\t\t\t\t\t<form class=\"elementor-form\" method=\"post\" name=\"Programare\" aria-label=\"Programare\">\n\t\t\t<input type=\"hidden\" name=\"post_id\" value=\"132942\"\/>\n\t\t\t<input type=\"hidden\" name=\"form_id\" value=\"1a31958\"\/>\n\t\t\t<input type=\"hidden\" name=\"referer_title\" value=\"Prescan\u00ae \u00d6sterreichs Premium-Vorsorge\" \/>\n\n\t\t\t\n\t\t\t<div class=\"elementor-form-fields-wrapper elementor-labels-above\">\n\t\t\t\t\t\t\t\t<div class=\"elementor-field-type-text elementor-field-group elementor-column elementor-field-group-vorname elementor-col-50 elementor-field-required elementor-mark-required\">\n\t\t\t\t\t\t\t\t\t\t\t\t<label for=\"form-field-vorname\" class=\"elementor-field-label\">\n\t\t\t\t\t\t\t\tPrenume\t\t\t\t\t\t\t<\/label>\n\t\t\t\t\t\t\t\t\t\t\t\t\t\t<input size=\"1\" type=\"text\" name=\"form_fields[vorname]\" id=\"form-field-vorname\" class=\"elementor-field elementor-size-md  elementor-field-textual\" placeholder=\"Prenumele dumneavoastr\u0103\" required=\"required\">\n\t\t\t\t\t\t\t\t\t\t\t<\/div>\n\t\t\t\t\t\t\t\t<div class=\"elementor-field-type-text elementor-field-group elementor-column elementor-field-group-nachname elementor-col-50 elementor-field-required elementor-mark-required\">\n\t\t\t\t\t\t\t\t\t\t\t\t<label for=\"form-field-nachname\" class=\"elementor-field-label\">\n\t\t\t\t\t\t\t\tNume\t\t\t\t\t\t\t<\/label>\n\t\t\t\t\t\t\t\t\t\t\t\t\t\t<input size=\"1\" type=\"text\" name=\"form_fields[nachname]\" id=\"form-field-nachname\" class=\"elementor-field elementor-size-md  elementor-field-textual\" placeholder=\"Numele dumneavoastr\u0103\" required=\"required\">\n\t\t\t\t\t\t\t\t\t\t\t<\/div>\n\t\t\t\t\t\t\t\t<div class=\"elementor-field-type-email elementor-field-group elementor-column elementor-field-group-email elementor-col-50 elementor-field-required elementor-mark-required\">\n\t\t\t\t\t\t\t\t\t\t\t\t<label for=\"form-field-email\" class=\"elementor-field-label\">\n\t\t\t\t\t\t\t\tE-mail\t\t\t\t\t\t\t<\/label>\n\t\t\t\t\t\t\t\t\t\t\t\t\t\t<input size=\"1\" type=\"email\" name=\"form_fields[email]\" id=\"form-field-email\" class=\"elementor-field elementor-size-md  elementor-field-textual\" placeholder=\"E-mailul dumneavoastr\u0103\" required=\"required\">\n\t\t\t\t\t\t\t\t\t\t\t<\/div>\n\t\t\t\t\t\t\t\t<div class=\"elementor-field-type-tel elementor-field-group elementor-column elementor-field-group-telefon elementor-col-50 elementor-field-required elementor-mark-required\">\n\t\t\t\t\t\t\t\t\t\t\t\t<label for=\"form-field-telefon\" class=\"elementor-field-label\">\n\t\t\t\t\t\t\t\tNum\u0103r de telefon\t\t\t\t\t\t\t<\/label>\n\t\t\t\t\t\t\t\t<input size=\"1\" type=\"tel\" name=\"form_fields[telefon]\" id=\"form-field-telefon\" class=\"elementor-field elementor-size-md  elementor-field-textual\" placeholder=\"Num\u0103rul dumneavoastr\u0103 de telefon\" required=\"required\" pattern=\"[0-9()#&amp;+*-=.]+\" title=\"Only numbers and phone characters (#, -, *, etc) are accepted.\">\n\n\t\t\t\t\t\t<\/div>\n\t\t\t\t\t\t\t\t<div class=\"elementor-field-type-textarea elementor-field-group elementor-column elementor-field-group-message elementor-col-100\">\n\t\t\t\t\t\t\t\t\t\t\t\t<label for=\"form-field-message\" class=\"elementor-field-label\">\n\t\t\t\t\t\t\t\tMesaj\t\t\t\t\t\t\t<\/label>\n\t\t\t\t\t\t<textarea class=\"elementor-field-textual elementor-field  elementor-size-md\" name=\"form_fields[message]\" id=\"form-field-message\" rows=\"4\" placeholder=\"Mesajul dumneavoastr\u0103\"><\/textarea>\t\t\t\t<\/div>\n\t\t\t\t\t\t\t\t<div class=\"elementor-field-type-recaptcha_v3 elementor-field-group elementor-column elementor-field-group-field_4eeb48d elementor-col-100 recaptcha_v3-bottomright\">\n\t\t\t\t\t<div class=\"elementor-field\" id=\"form-field-field_4eeb48d\"><div class=\"elementor-g-recaptcha\" data-sitekey=\"6LeZbhAdAAAAAHMknBqX2nPLwWkx56ZX73rNtgDG\" data-type=\"v3\" data-action=\"Form\" data-badge=\"bottomright\" data-size=\"invisible\"><\/div><\/div>\t\t\t\t<\/div>\n\t\t\t\t\t\t\t\t<div class=\"elementor-field-group elementor-column elementor-field-type-submit elementor-col-100 e-form__buttons\">\n\t\t\t\t\t<button class=\"elementor-button elementor-size-md\" type=\"submit\">\n\t\t\t\t\t\t<span class=\"elementor-button-content-wrapper\">\n\t\t\t\t\t\t\t\t\t\t\t\t\t\t\t\t\t\t\t\t\t\t<span class=\"elementor-button-text\">Trimite<\/span>\n\t\t\t\t\t\t\t\t\t\t\t\t\t<\/span>\n\t\t\t\t\t<\/button>\n\t\t\t\t<\/div>\n\t\t\t<\/div>\n\t\t<\/form>\n\t\t\t\t\t\t<\/div>\n\t\t\t\t<\/div>\n\t\t\t\t\t<\/div>\n\t\t<\/div>\n\t\t\t\t\t<\/div>\n\t\t<\/section>\n\t\t\t\t<\/div>\n\t\t","protected":false},"excerpt":{"rendered":"<p>Face\u021bi o programare Vre\u021bi s\u0103 arunca\u021bi o privire asupra st\u0103rii dumneavoastr\u0103 de s\u0103n\u0103tate? L\u0103sa\u021bi-ne mai jos datele dumneavoastr\u0103 de contact pentru ca noi s\u0103 v\u0103 putem oferi, \u00een primul r\u00e2nd, un sfat medical personal \u0219i necondi\u021bionat. Dac\u0103 este cazul, v\u0103 vom face o programare pentru investiga\u021bii.<\/p>\n","protected":false},"author":1,"featured_media":0,"parent":0,"menu_order":38,"comment_status":"closed","ping_status":"closed","template":"","meta":{"_acf_changed":false,"inline_featured_image":false,"site-sidebar-layout":"no-sidebar","site-content-layout":"page-builder","ast-site-content-layout":"default","site-content-style":"default","site-sidebar-style":"default","ast-global-header-display":"","ast-banner-title-visibility":"","ast-main-header-display":"","ast-hfb-above-header-display":"","ast-hfb-below-header-display":"","ast-hfb-mobile-header-display":"","site-post-title":"disabled","ast-breadcrumbs-content":"","ast-featured-img":"disabled","footer-sml-layout":"","ast-disable-related-posts":"","theme-transparent-header-meta":"","adv-header-id-meta":"","stick-header-meta":"","header-above-stick-meta":"","header-main-stick-meta":"","header-below-stick-meta":"","astra-migrate-meta-layouts":"default","ast-page-background-enabled":"default","ast-page-background-meta":{"desktop":{"background-color":"","background-image":"","background-repeat":"repeat","background-position":"center center","background-size":"auto","background-attachment":"scroll","background-type":"","background-media":"","overlay-type":"","overlay-color":"","overlay-opacity":"","overlay-gradient":""},"tablet":{"background-color":"","background-image":"","background-repeat":"repeat","background-position":"center center","background-size":"auto","background-attachment":"scroll","background-type":"","background-media":"","overlay-type":"","overlay-color":"","overlay-opacity":"","overlay-gradient":""},"mobile":{"background-color":"","background-image":"","background-repeat":"repeat","background-position":"center center","background-size":"auto","background-attachment":"scroll","background-type":"","background-media":"","overlay-type":"","overlay-color":"","overlay-opacity":"","overlay-gradient":""}},"ast-content-background-meta":{"desktop":{"background-color":"var(--ast-global-color-5)","background-image":"","background-repeat":"repeat","background-position":"center center","background-size":"auto","background-attachment":"scroll","background-type":"","background-media":"","overlay-type":"","overlay-color":"","overlay-opacity":"","overlay-gradient":""},"tablet":{"background-color":"var(--ast-global-color-5)","background-image":"","background-repeat":"repeat","background-position":"center center","background-size":"auto","background-attachment":"scroll","background-type":"","background-media":"","overlay-type":"","overlay-color":"","overlay-opacity":"","overlay-gradient":""},"mobile":{"background-color":"var(--ast-global-color-5)","background-image":"","background-repeat":"repeat","background-position":"center center","background-size":"auto","background-attachment":"scroll","background-type":"","background-media":"","overlay-type":"","overlay-color":"","overlay-opacity":"","overlay-gradient":""}},"footnotes":""},"class_list":["post-132942","page","type-page","status-publish","hentry"],"acf":[],"yoast_head":"<!-- This site is optimized with the Yoast SEO plugin v27.6 - https:\/\/yoast.com\/product\/yoast-seo-wordpress\/ -->\n<title>Programare - Prescan\u00ae \u00d6sterreichs Premium-Vorsorge<\/title>\n<meta name=\"robots\" content=\"index, follow, max-snippet:-1, max-image-preview:large, max-video-preview:-1\" \/>\n<link rel=\"canonical\" href=\"https:\/\/www.prescan.at\/ro\/programare\/\" \/>\n<meta property=\"og:locale\" content=\"ro_RO\" \/>\n<meta property=\"og:type\" content=\"article\" \/>\n<meta property=\"og:title\" content=\"Programare - Prescan\u00ae \u00d6sterreichs Premium-Vorsorge\" \/>\n<meta property=\"og:description\" content=\"Face\u021bi o programare Vre\u021bi s\u0103 arunca\u021bi o privire asupra st\u0103rii dumneavoastr\u0103 de s\u0103n\u0103tate? L\u0103sa\u021bi-ne mai jos datele dumneavoastr\u0103 de contact pentru ca noi s\u0103 v\u0103 putem oferi, \u00een primul r\u00e2nd, un sfat medical personal \u0219i necondi\u021bionat. Dac\u0103 este cazul, v\u0103 vom face o programare pentru investiga\u021bii.\" \/>\n<meta property=\"og:url\" content=\"https:\/\/www.prescan.at\/ro\/programare\/\" \/>\n<meta property=\"og:site_name\" content=\"Prescan\u00ae \u00d6sterreichs Premium-Vorsorge\" \/>\n<meta property=\"article:modified_time\" content=\"2025-04-28T09:50:47+00:00\" \/>\n<meta name=\"twitter:card\" content=\"summary_large_image\" \/>\n<script type=\"application\/ld+json\" class=\"yoast-schema-graph\">{\"@context\":\"https:\\\/\\\/schema.org\",\"@graph\":[{\"@type\":\"WebPage\",\"@id\":\"https:\\\/\\\/www.prescan.at\\\/ro\\\/programare\\\/\",\"url\":\"https:\\\/\\\/www.prescan.at\\\/ro\\\/programare\\\/\",\"name\":\"Programare - Prescan\u00ae \u00d6sterreichs Premium-Vorsorge\",\"isPartOf\":{\"@id\":\"https:\\\/\\\/dev.prescan.at\\\/#website\"},\"datePublished\":\"2022-08-31T12:20:21+00:00\",\"dateModified\":\"2025-04-28T09:50:47+00:00\",\"breadcrumb\":{\"@id\":\"https:\\\/\\\/www.prescan.at\\\/ro\\\/programare\\\/#breadcrumb\"},\"inLanguage\":\"ro-RO\",\"potentialAction\":[{\"@type\":\"ReadAction\",\"target\":[\"https:\\\/\\\/www.prescan.at\\\/ro\\\/programare\\\/\"]}]},{\"@type\":\"BreadcrumbList\",\"@id\":\"https:\\\/\\\/www.prescan.at\\\/ro\\\/programare\\\/#breadcrumb\",\"itemListElement\":[{\"@type\":\"ListItem\",\"position\":1,\"name\":\"Startseite\",\"item\":\"https:\\\/\\\/www.prescan.at\\\/ro\\\/pagina-de-pornire-prescan\\\/\"},{\"@type\":\"ListItem\",\"position\":2,\"name\":\"Programare\"}]},{\"@type\":\"WebSite\",\"@id\":\"https:\\\/\\\/dev.prescan.at\\\/#website\",\"url\":\"https:\\\/\\\/dev.prescan.at\\\/\",\"name\":\"Prescan\u00ae \u00d6sterreichs Premium-Vorsorge\",\"description\":\"Medizinische Vorsorgeuntersuchungen ohne Wartezeiten - Prescan GmbH\",\"publisher\":{\"@id\":\"https:\\\/\\\/dev.prescan.at\\\/#organization\"},\"potentialAction\":[{\"@type\":\"SearchAction\",\"target\":{\"@type\":\"EntryPoint\",\"urlTemplate\":\"https:\\\/\\\/dev.prescan.at\\\/?s={search_term_string}\"},\"query-input\":{\"@type\":\"PropertyValueSpecification\",\"valueRequired\":true,\"valueName\":\"search_term_string\"}}],\"inLanguage\":\"ro-RO\"},{\"@type\":\"Organization\",\"@id\":\"https:\\\/\\\/dev.prescan.at\\\/#organization\",\"name\":\"Prescan\u00ae GmbH\",\"url\":\"https:\\\/\\\/dev.prescan.at\\\/\",\"logo\":{\"@type\":\"ImageObject\",\"inLanguage\":\"ro-RO\",\"@id\":\"https:\\\/\\\/dev.prescan.at\\\/#\\\/schema\\\/logo\\\/image\\\/\",\"url\":\"https:\\\/\\\/www.prescan.at\\\/wp-content\\\/uploads\\\/2021\\\/06\\\/Prescan-Logo.svg\",\"contentUrl\":\"https:\\\/\\\/www.prescan.at\\\/wp-content\\\/uploads\\\/2021\\\/06\\\/Prescan-Logo.svg\",\"width\":938,\"height\":206,\"caption\":\"Prescan\u00ae GmbH\"},\"image\":{\"@id\":\"https:\\\/\\\/dev.prescan.at\\\/#\\\/schema\\\/logo\\\/image\\\/\"}}]}<\/script>\n<!-- \/ Yoast SEO plugin. -->","yoast_head_json":{"title":"Programare - Prescan\u00ae \u00d6sterreichs Premium-Vorsorge","robots":{"index":"index","follow":"follow","max-snippet":"max-snippet:-1","max-image-preview":"max-image-preview:large","max-video-preview":"max-video-preview:-1"},"canonical":"https:\/\/www.prescan.at\/ro\/programare\/","og_locale":"ro_RO","og_type":"article","og_title":"Programare - Prescan\u00ae \u00d6sterreichs Premium-Vorsorge","og_description":"Face\u021bi o programare Vre\u021bi s\u0103 arunca\u021bi o privire asupra st\u0103rii dumneavoastr\u0103 de s\u0103n\u0103tate? L\u0103sa\u021bi-ne mai jos datele dumneavoastr\u0103 de contact pentru ca noi s\u0103 v\u0103 putem oferi, \u00een primul r\u00e2nd, un sfat medical personal \u0219i necondi\u021bionat. Dac\u0103 este cazul, v\u0103 vom face o programare pentru investiga\u021bii.","og_url":"https:\/\/www.prescan.at\/ro\/programare\/","og_site_name":"Prescan\u00ae \u00d6sterreichs Premium-Vorsorge","article_modified_time":"2025-04-28T09:50:47+00:00","twitter_card":"summary_large_image","schema":{"@context":"https:\/\/schema.org","@graph":[{"@type":"WebPage","@id":"https:\/\/www.prescan.at\/ro\/programare\/","url":"https:\/\/www.prescan.at\/ro\/programare\/","name":"Programare - Prescan\u00ae \u00d6sterreichs Premium-Vorsorge","isPartOf":{"@id":"https:\/\/dev.prescan.at\/#website"},"datePublished":"2022-08-31T12:20:21+00:00","dateModified":"2025-04-28T09:50:47+00:00","breadcrumb":{"@id":"https:\/\/www.prescan.at\/ro\/programare\/#breadcrumb"},"inLanguage":"ro-RO","potentialAction":[{"@type":"ReadAction","target":["https:\/\/www.prescan.at\/ro\/programare\/"]}]},{"@type":"BreadcrumbList","@id":"https:\/\/www.prescan.at\/ro\/programare\/#breadcrumb","itemListElement":[{"@type":"ListItem","position":1,"name":"Startseite","item":"https:\/\/www.prescan.at\/ro\/pagina-de-pornire-prescan\/"},{"@type":"ListItem","position":2,"name":"Programare"}]},{"@type":"WebSite","@id":"https:\/\/dev.prescan.at\/#website","url":"https:\/\/dev.prescan.at\/","name":"Prescan\u00ae \u00d6sterreichs Premium-Vorsorge","description":"Medizinische Vorsorgeuntersuchungen ohne Wartezeiten - Prescan GmbH","publisher":{"@id":"https:\/\/dev.prescan.at\/#organization"},"potentialAction":[{"@type":"SearchAction","target":{"@type":"EntryPoint","urlTemplate":"https:\/\/dev.prescan.at\/?s={search_term_string}"},"query-input":{"@type":"PropertyValueSpecification","valueRequired":true,"valueName":"search_term_string"}}],"inLanguage":"ro-RO"},{"@type":"Organization","@id":"https:\/\/dev.prescan.at\/#organization","name":"Prescan\u00ae GmbH","url":"https:\/\/dev.prescan.at\/","logo":{"@type":"ImageObject","inLanguage":"ro-RO","@id":"https:\/\/dev.prescan.at\/#\/schema\/logo\/image\/","url":"https:\/\/www.prescan.at\/wp-content\/uploads\/2021\/06\/Prescan-Logo.svg","contentUrl":"https:\/\/www.prescan.at\/wp-content\/uploads\/2021\/06\/Prescan-Logo.svg","width":938,"height":206,"caption":"Prescan\u00ae GmbH"},"image":{"@id":"https:\/\/dev.prescan.at\/#\/schema\/logo\/image\/"}}]}},"_links":{"self":[{"href":"https:\/\/www.prescan.at\/ro\/wp-json\/wp\/v2\/pages\/132942","targetHints":{"allow":["GET"]}}],"collection":[{"href":"https:\/\/www.prescan.at\/ro\/wp-json\/wp\/v2\/pages"}],"about":[{"href":"https:\/\/www.prescan.at\/ro\/wp-json\/wp\/v2\/types\/page"}],"author":[{"embeddable":true,"href":"https:\/\/www.prescan.at\/ro\/wp-json\/wp\/v2\/users\/1"}],"replies":[{"embeddable":true,"href":"https:\/\/www.prescan.at\/ro\/wp-json\/wp\/v2\/comments?post=132942"}],"version-history":[{"count":3,"href":"https:\/\/www.prescan.at\/ro\/wp-json\/wp\/v2\/pages\/132942\/revisions"}],"predecessor-version":[{"id":140721,"href":"https:\/\/www.prescan.at\/ro\/wp-json\/wp\/v2\/pages\/132942\/revisions\/140721"}],"wp:attachment":[{"href":"https:\/\/www.prescan.at\/ro\/wp-json\/wp\/v2\/media?parent=132942"}],"curies":[{"name":"wp","href":"https:\/\/api.w.org\/{rel}","templated":true}]}}